{"id":69,"date":"2022-05-10T14:10:18","date_gmt":"2022-05-10T13:10:18","guid":{"rendered":"https:\/\/addedvalue.lt\/blog\/"},"modified":"2025-04-15T12:43:19","modified_gmt":"2025-04-15T11:43:19","slug":"blog","status":"publish","type":"page","link":"https:\/\/addedvalue.lt\/en\/blog\/","title":{"rendered":"Blog"},"content":{"rendered":"<div data-elementor-type=\"wp-page\" data-elementor-id=\"69\" class=\"elementor elementor-69\" data-elementor-settings=\"{&quot;element_pack_global_tooltip_width&quot;:{&quot;unit&quot;:&quot;px&quot;,&quot;size&quot;:&quot;&quot;,&quot;sizes&quot;:[]},&quot;element_pack_global_tooltip_width_tablet&quot;:{&quot;unit&quot;:&quot;px&quot;,&quot;size&quot;:&quot;&quot;,&quot;sizes&quot;:[]},&quot;element_pack_global_tooltip_width_mobile&quot;:{&quot;unit&quot;:&quot;px&quot;,&quot;size&quot;:&quot;&quot;,&quot;sizes&quot;:[]},&quot;element_pack_global_tooltip_padding&quot;:{&quot;unit&quot;:&quot;px&quot;,&quot;top&quot;:&quot;&quot;,&quot;right&quot;:&quot;&quot;,&quot;bottom&quot;:&quot;&quot;,&quot;left&quot;:&quot;&quot;,&quot;isLinked&quot;:true},&quot;element_pack_global_tooltip_padding_tablet&quot;:{&quot;unit&quot;:&quot;px&quot;,&quot;top&quot;:&quot;&quot;,&quot;right&quot;:&quot;&quot;,&quot;bottom&quot;:&quot;&quot;,&quot;left&quot;:&quot;&quot;,&quot;isLinked&quot;:true},&quot;element_pack_global_tooltip_padding_mobile&quot;:{&quot;unit&quot;:&quot;px&quot;,&quot;top&quot;:&quot;&quot;,&quot;right&quot;:&quot;&quot;,&quot;bottom&quot;:&quot;&quot;,&quot;left&quot;:&quot;&quot;,&quot;isLinked&quot;:true},&quot;element_pack_global_tooltip_border_radius&quot;:{&quot;unit&quot;:&quot;px&quot;,&quot;top&quot;:&quot;&quot;,&quot;right&quot;:&quot;&quot;,&quot;bottom&quot;:&quot;&quot;,&quot;left&quot;:&quot;&quot;,&quot;isLinked&quot;:true},&quot;element_pack_global_tooltip_border_radius_tablet&quot;:{&quot;unit&quot;:&quot;px&quot;,&quot;top&quot;:&quot;&quot;,&quot;right&quot;:&quot;&quot;,&quot;bottom&quot;:&quot;&quot;,&quot;left&quot;:&quot;&quot;,&quot;isLinked&quot;:true},&quot;element_pack_global_tooltip_border_radius_mobile&quot;:{&quot;unit&quot;:&quot;px&quot;,&quot;top&quot;:&quot;&quot;,&quot;right&quot;:&quot;&quot;,&quot;bottom&quot;:&quot;&quot;,&quot;left&quot;:&quot;&quot;,&quot;isLinked&quot;:true}}\" data-elementor-post-type=\"page\">\n\t\t\t\t<div class=\"elementor-element elementor-element-431c7aa e-flex e-con-boxed e-con e-parent\" data-id=\"431c7aa\" data-element_type=\"container\">\n\t\t\t\t\t<div class=\"e-con-inner\">\n\t\t\t\t<div class=\"elementor-element elementor-element-9598456 elementor-widget elementor-widget-bdt-post-grid\" data-id=\"9598456\" data-element_type=\"widget\" data-settings=\"{&quot;secondary_columns&quot;:&quot;3&quot;,&quot;secondary_columns_tablet&quot;:&quot;3&quot;,&quot;secondary_columns_mobile&quot;:&quot;1&quot;}\" data-widget_type=\"bdt-post-grid.default\">\n\t\t\t\t<div class=\"elementor-widget-container\">\n\t\t\t\t\t\t\t<div id=\"bdt-post-grid-9598456\" class=\"bdt-post-grid bdt-post-grid-skin-default\" data-settings=\"{&quot;posts_source&quot;:&quot;post&quot;,&quot;posts_per_page&quot;:5,&quot;ajax_item_load&quot;:3,&quot;posts_select_date&quot;:&quot;anytime&quot;,&quot;posts_orderby&quot;:&quot;date&quot;,&quot;posts_order&quot;:&quot;desc&quot;,&quot;posts_ignore_sticky_posts&quot;:&quot;yes&quot;,&quot;paged&quot;:1,&quot;nonce&quot;:&quot;10f786b513&quot;,&quot;loadedPostsIds&quot;:[2131,2089,2087,2085,2083]}\">\n\t\t\t<div class=\"bdt-grid bdt-grid-small\" data-bdt-grid>\n\n\t\t\t\t\n\t\t\t\t\t<div class=\"bdt-width-1-2@s bdt-primary\">\n\t\t\t\t\t\t\t\t<div class=\"bdt-post-grid-item bdt-transition-toggle bdt-position-relative\">\n\n\t\t\t<div class=\"bdt-post-grid-img-wrap bdt-overflow-hidden\">\n\t\t\t\t<a href=\"https:\/\/addedvalue.lt\/en\/es-projektai\/\" class=\"bdt-transition-scale-up bdt-background-cover bdt-transition-opaque bdt-flex\" title=\"EU projects\" style=\"background-image: url(https:\/\/addedvalue.lt\/wp-content\/plugins\/elementor\/assets\/images\/placeholder.png)\">\n  \t\t\t\t<\/a>\n\t\t\t<\/div>\n\t\t\t<div class=\"bdt-custom-overlay bdt-position-cover\"><\/div>\n\n\t\t\t<div class=\"bdt-post-grid-desc bdt-position-medium bdt-position-bottom-left\">\n\n\t\t\t\t<h2 class=\"bdt-post-grid-title\">\n\t\t\t\t<a href=\"https:\/\/addedvalue.lt\/en\/es-projektai\/\" class=\"bdt-post-grid-link\" title=\"EU projects\">\n\t\t\t\t\tEU projects\n\t\t\t\t<\/a>\n\t\t\t<\/h2>\n\t\t\t\t\t\t\t\t\t<div class=\"bdt-post-grid-meta bdt-subnav bdt-flex-inline bdt-flex-middle\">\n\t\t\t\t\t\t\t\t\t\t\t\t<span class=\"bdt-post-grid-date\">25 April 2025<\/span>\t\t\t\t\t\t\t\t\t\t\t\t\t\t\t\t\t<\/div>\n\t\t\t\t\n\t\t\t\t\t\t\t\t\n\t\t\t<\/div>\n\n\t\t\t\t\t<div class=\"bdt-post-grid-category bdt-position-small bdt-position-top-left\">\n\n\t\t\t<a href=\"https:\/\/addedvalue.lt\/en\/category\/naujienos\/\">News<\/a>\t\t<\/div>\n\t\t\n\t\t<\/div>\n\t\t\t\t\t\t\t<\/div>\n\t\t\t\t\n\t\t\t\t\t<div class=\"bdt-width-1-2@s bdt-primary\">\n\t\t\t\t\t\t\t\t<div class=\"bdt-post-grid-item bdt-transition-toggle bdt-position-relative\">\n\n\t\t\t<div class=\"bdt-post-grid-img-wrap bdt-overflow-hidden\">\n\t\t\t\t<a href=\"https:\/\/addedvalue.lt\/en\/kas-lietuvos-verslu-laukia-2017-aisiais\/\" class=\"bdt-transition-scale-up bdt-background-cover bdt-transition-opaque bdt-flex\" title=\"What the Lithuanian businesses waiting for the 2017&#039;s?\" style=\"background-image: url(https:\/\/addedvalue.lt\/wp-content\/plugins\/elementor\/assets\/images\/placeholder.png)\">\n  \t\t\t\t<\/a>\n\t\t\t<\/div>\n\t\t\t<div class=\"bdt-custom-overlay bdt-position-cover\"><\/div>\n\n\t\t\t<div class=\"bdt-post-grid-desc bdt-position-medium bdt-position-bottom-left\">\n\n\t\t\t\t<h2 class=\"bdt-post-grid-title\">\n\t\t\t\t<a href=\"https:\/\/addedvalue.lt\/en\/kas-lietuvos-verslu-laukia-2017-aisiais\/\" class=\"bdt-post-grid-link\" title=\"What the Lithuanian businesses waiting for the 2017&#039;s?\">\n\t\t\t\t\tWhat the Lithuanian businesses waiting for the 2017&#039;s?\n\t\t\t\t<\/a>\n\t\t\t<\/h2>\n\t\t\t\t\t\t\t\t\t<div class=\"bdt-post-grid-meta bdt-subnav bdt-flex-inline bdt-flex-middle\">\n\t\t\t\t\t\t\t\t\t\t\t\t<span class=\"bdt-post-grid-date\">25 April 2025<\/span>\t\t\t\t\t\t\t\t\t\t\t\t\t\t\t\t\t<\/div>\n\t\t\t\t\n\t\t\t\t\t\t\t\t\n\t\t\t<\/div>\n\n\t\t\t\t\t<div class=\"bdt-post-grid-category bdt-position-small bdt-position-top-left\">\n\n\t\t\t<a href=\"https:\/\/addedvalue.lt\/en\/category\/naujienos\/\">News<\/a>\t\t<\/div>\n\t\t\n\t\t<\/div>\n\t\t\t\t\t\t\t<\/div>\n\t\t\t\t\n\t\t\t\t\t<div class=\"bdt-width-1-3@m bdt-width-1-3@s bdt-width-1-1 bdt-secondary\">\n\t\t\t\t\t\t\t\t<div class=\"bdt-post-grid-item bdt-transition-toggle bdt-position-relative\">\n\n\t\t\t<div class=\"bdt-post-grid-img-wrap bdt-overflow-hidden\">\n\t\t\t\t<a href=\"https:\/\/addedvalue.lt\/en\/lietuva-is-seselio-istrauks-it-studentai\/\" class=\"bdt-transition-scale-up bdt-background-cover bdt-transition-opaque bdt-flex\" title=\"Lithuania from the shadow of the &#034;i\u0161trauks&#034; IT students?\" style=\"background-image: url(https:\/\/addedvalue.lt\/wp-content\/plugins\/elementor\/assets\/images\/placeholder.png)\">\n  \t\t\t\t<\/a>\n\t\t\t<\/div>\n\t\t\t<div class=\"bdt-custom-overlay bdt-position-cover\"><\/div>\n\n\t\t\t<div class=\"bdt-post-grid-desc bdt-position-medium bdt-position-bottom-left\">\n\n\t\t\t\t<h2 class=\"bdt-post-grid-title\">\n\t\t\t\t<a href=\"https:\/\/addedvalue.lt\/en\/lietuva-is-seselio-istrauks-it-studentai\/\" class=\"bdt-post-grid-link\" title=\"Lithuania from the shadow of the &#034;i\u0161trauks&#034; IT students?\">\n\t\t\t\t\tLithuania from the shadow of the &#034;i\u0161trauks&#034; IT students?\n\t\t\t\t<\/a>\n\t\t\t<\/h2>\n\t\t\t\t\t\t\t\t\t<div class=\"bdt-post-grid-meta bdt-subnav bdt-flex-inline bdt-flex-middle\">\n\t\t\t\t\t\t\t\t\t\t\t\t<span class=\"bdt-post-grid-date\">25 April 2025<\/span>\t\t\t\t\t\t\t\t\t\t\t\t\t\t\t\t\t<\/div>\n\t\t\t\t\n\t\t\t\t\t\t\t\t\n\t\t\t<\/div>\n\n\t\t\t\t\t<div class=\"bdt-post-grid-category bdt-position-small bdt-position-top-left\">\n\n\t\t\t<a href=\"https:\/\/addedvalue.lt\/en\/category\/naujienos\/\">News<\/a>\t\t<\/div>\n\t\t\n\t\t<\/div>\n\t\t\t\t\t\t\t<\/div>\n\t\t\t\t\n\t\t\t\t\t<div class=\"bdt-width-1-3@m bdt-width-1-3@s bdt-width-1-1 bdt-secondary\">\n\t\t\t\t\t\t\t\t<div class=\"bdt-post-grid-item bdt-transition-toggle bdt-position-relative\">\n\n\t\t\t<div class=\"bdt-post-grid-img-wrap bdt-overflow-hidden\">\n\t\t\t\t<a href=\"https:\/\/addedvalue.lt\/en\/pingantys-bankrotai-kur-klysta-lietuviskas-verslas\/\" class=\"bdt-transition-scale-up bdt-background-cover bdt-transition-opaque bdt-flex\" title=\"&#034;Pingantys&#034; insolvency: where is mistaken for the Lithuanian business?\" style=\"background-image: url(https:\/\/addedvalue.lt\/wp-content\/plugins\/elementor\/assets\/images\/placeholder.png)\">\n  \t\t\t\t<\/a>\n\t\t\t<\/div>\n\t\t\t<div class=\"bdt-custom-overlay bdt-position-cover\"><\/div>\n\n\t\t\t<div class=\"bdt-post-grid-desc bdt-position-medium bdt-position-bottom-left\">\n\n\t\t\t\t<h2 class=\"bdt-post-grid-title\">\n\t\t\t\t<a href=\"https:\/\/addedvalue.lt\/en\/pingantys-bankrotai-kur-klysta-lietuviskas-verslas\/\" class=\"bdt-post-grid-link\" title=\"&#034;Pingantys&#034; insolvency: where is mistaken for the Lithuanian business?\">\n\t\t\t\t\t&#034;Pingantys&#034; insolvency: where is mistaken for the Lithuanian business?\n\t\t\t\t<\/a>\n\t\t\t<\/h2>\n\t\t\t\t\t\t\t\t\t<div class=\"bdt-post-grid-meta bdt-subnav bdt-flex-inline bdt-flex-middle\">\n\t\t\t\t\t\t\t\t\t\t\t\t<span class=\"bdt-post-grid-date\">25 April 2025<\/span>\t\t\t\t\t\t\t\t\t\t\t\t\t\t\t\t\t<\/div>\n\t\t\t\t\n\t\t\t\t\t\t\t\t\n\t\t\t<\/div>\n\n\t\t\t\t\t<div class=\"bdt-post-grid-category bdt-position-small bdt-position-top-left\">\n\n\t\t\t<a href=\"https:\/\/addedvalue.lt\/en\/category\/naujienos\/\">News<\/a>\t\t<\/div>\n\t\t\n\t\t<\/div>\n\t\t\t\t\t\t\t<\/div>\n\t\t\t\t\n\t\t\t\t\t<div class=\"bdt-width-1-3@m bdt-width-1-3@s bdt-width-1-1 bdt-secondary\">\n\t\t\t\t\t\t\t\t<div class=\"bdt-post-grid-item bdt-transition-toggle bdt-position-relative\">\n\n\t\t\t<div class=\"bdt-post-grid-img-wrap bdt-overflow-hidden\">\n\t\t\t\t<a href=\"https:\/\/addedvalue.lt\/en\/ko-nepakeis-net-ir-naujasis-darbo-kodeksas\/\" class=\"bdt-transition-scale-up bdt-background-cover bdt-transition-opaque bdt-flex\" title=\"What will not change, even in the new Labour code?\" style=\"background-image: url(https:\/\/addedvalue.lt\/wp-content\/plugins\/elementor\/assets\/images\/placeholder.png)\">\n  \t\t\t\t<\/a>\n\t\t\t<\/div>\n\t\t\t<div class=\"bdt-custom-overlay bdt-position-cover\"><\/div>\n\n\t\t\t<div class=\"bdt-post-grid-desc bdt-position-medium bdt-position-bottom-left\">\n\n\t\t\t\t<h2 class=\"bdt-post-grid-title\">\n\t\t\t\t<a href=\"https:\/\/addedvalue.lt\/en\/ko-nepakeis-net-ir-naujasis-darbo-kodeksas\/\" class=\"bdt-post-grid-link\" title=\"What will not change, even in the new Labour code?\">\n\t\t\t\t\tWhat will not change, even in the new Labour code?\n\t\t\t\t<\/a>\n\t\t\t<\/h2>\n\t\t\t\t\t\t\t\t\t<div class=\"bdt-post-grid-meta bdt-subnav bdt-flex-inline bdt-flex-middle\">\n\t\t\t\t\t\t\t\t\t\t\t\t<span class=\"bdt-post-grid-date\">25 April 2025<\/span>\t\t\t\t\t\t\t\t\t\t\t\t\t\t\t\t\t<\/div>\n\t\t\t\t\n\t\t\t\t\t\t\t\t\n\t\t\t<\/div>\n\n\t\t\t\t\t<div class=\"bdt-post-grid-category bdt-position-small bdt-position-top-left\">\n\n\t\t\t<a href=\"https:\/\/addedvalue.lt\/en\/category\/naujienos\/\">News<\/a>\t\t<\/div>\n\t\t\n\t\t<\/div>\n\t\t\t\t\t\t\t<\/div>\n\t\t\t\t\t\t\t<\/div>\n\t\t<\/div>\n\t\t\n\n\t\t\t\t\t\t<\/div>\n\t\t\t\t<\/div>\n\t\t\t\t\t<\/div>\n\t\t\t\t<\/div>\n\t\t\t\t<\/div>","protected":false},"excerpt":{"rendered":"<p>Buhalterin\u0117s paslaugos Lietuvoje: patikima j\u016bs\u0173 verslo atrama 15 April 2025 Uncategorised<\/p>","protected":false},"author":1,"featured_media":0,"parent":0,"menu_order":0,"comment_status":"closed","ping_status":"closed","template":"","meta":{"footnotes":""},"class_list":["post-69","page","type-page","status-publish","hentry"],"yoast_head":"<!-- This site is optimized with the Yoast SEO plugin v25.9 - https:\/\/yoast.com\/wordpress\/plugins\/seo\/ -->\n<title>Blog - ADDED VALUE<\/title>\n<meta name=\"robots\" content=\"index, follow, max-snippet:-1, max-image-preview:large, max-video-preview:-1\" \/>\n<link rel=\"canonical\" href=\"https:\/\/addedvalue.lt\/en\/blog\/\" \/>\n<meta property=\"og:locale\" content=\"en_US\" \/>\n<meta property=\"og:type\" content=\"article\" \/>\n<meta property=\"og:title\" content=\"Blog - ADDED VALUE\" \/>\n<meta property=\"og:description\" content=\"Buhalterin\u0117s paslaugos Lietuvoje: patikima j\u016bs\u0173 verslo atrama 15 April 2025 Uncategorised\" \/>\n<meta property=\"og:url\" content=\"https:\/\/addedvalue.lt\/en\/blog\/\" \/>\n<meta property=\"og:site_name\" content=\"ADDED VALUE\" \/>\n<meta property=\"article:modified_time\" content=\"2025-04-15T11:43:19+00:00\" \/>\n<meta name=\"twitter:card\" content=\"summary_large_image\" \/>\n<script type=\"application\/ld+json\" class=\"yoast-schema-graph\">{\"@context\":\"https:\/\/schema.org\",\"@graph\":[{\"@type\":\"WebPage\",\"@id\":\"https:\/\/addedvalue.lt\/blog\/\",\"url\":\"https:\/\/addedvalue.lt\/blog\/\",\"name\":\"Blog - ADDED VALUE\",\"isPartOf\":{\"@id\":\"https:\/\/addedvalue.lt\/#website\"},\"datePublished\":\"2022-05-10T13:10:18+00:00\",\"dateModified\":\"2025-04-15T11:43:19+00:00\",\"breadcrumb\":{\"@id\":\"https:\/\/addedvalue.lt\/blog\/#breadcrumb\"},\"inLanguage\":\"en-US\",\"potentialAction\":[{\"@type\":\"ReadAction\",\"target\":[\"https:\/\/addedvalue.lt\/blog\/\"]}]},{\"@type\":\"BreadcrumbList\",\"@id\":\"https:\/\/addedvalue.lt\/blog\/#breadcrumb\",\"itemListElement\":[{\"@type\":\"ListItem\",\"position\":1,\"name\":\"Home\",\"item\":\"https:\/\/addedvalue.lt\/\"},{\"@type\":\"ListItem\",\"position\":2,\"name\":\"Blog\"}]},{\"@type\":\"WebSite\",\"@id\":\"https:\/\/addedvalue.lt\/#website\",\"url\":\"https:\/\/addedvalue.lt\/\",\"name\":\"ADDED VALUE\",\"description\":\"\",\"potentialAction\":[{\"@type\":\"SearchAction\",\"target\":{\"@type\":\"EntryPoint\",\"urlTemplate\":\"https:\/\/addedvalue.lt\/?s={search_term_string}\"},\"query-input\":{\"@type\":\"PropertyValueSpecification\",\"valueRequired\":true,\"valueName\":\"search_term_string\"}}],\"inLanguage\":\"en-US\"}]}<\/script>\n<!-- \/ Yoast SEO plugin. -->","yoast_head_json":{"title":"Blog - ADDED VALUE","robots":{"index":"index","follow":"follow","max-snippet":"max-snippet:-1","max-image-preview":"max-image-preview:large","max-video-preview":"max-video-preview:-1"},"canonical":"https:\/\/addedvalue.lt\/en\/blog\/","og_locale":"en_US","og_type":"article","og_title":"Blog - ADDED VALUE","og_description":"Buhalterin\u0117s paslaugos Lietuvoje: patikima j\u016bs\u0173 verslo atrama 15 April 2025 Uncategorised","og_url":"https:\/\/addedvalue.lt\/en\/blog\/","og_site_name":"ADDED VALUE","article_modified_time":"2025-04-15T11:43:19+00:00","twitter_card":"summary_large_image","schema":{"@context":"https:\/\/schema.org","@graph":[{"@type":"WebPage","@id":"https:\/\/addedvalue.lt\/blog\/","url":"https:\/\/addedvalue.lt\/blog\/","name":"Blog - ADDED VALUE","isPartOf":{"@id":"https:\/\/addedvalue.lt\/#website"},"datePublished":"2022-05-10T13:10:18+00:00","dateModified":"2025-04-15T11:43:19+00:00","breadcrumb":{"@id":"https:\/\/addedvalue.lt\/blog\/#breadcrumb"},"inLanguage":"en-US","potentialAction":[{"@type":"ReadAction","target":["https:\/\/addedvalue.lt\/blog\/"]}]},{"@type":"BreadcrumbList","@id":"https:\/\/addedvalue.lt\/blog\/#breadcrumb","itemListElement":[{"@type":"ListItem","position":1,"name":"Home","item":"https:\/\/addedvalue.lt\/"},{"@type":"ListItem","position":2,"name":"Blog"}]},{"@type":"WebSite","@id":"https:\/\/addedvalue.lt\/#website","url":"https:\/\/addedvalue.lt\/","name":"ADDED VALUE","description":"","potentialAction":[{"@type":"SearchAction","target":{"@type":"EntryPoint","urlTemplate":"https:\/\/addedvalue.lt\/?s={search_term_string}"},"query-input":{"@type":"PropertyValueSpecification","valueRequired":true,"valueName":"search_term_string"}}],"inLanguage":"en-US"}]}},"_links":{"self":[{"href":"https:\/\/addedvalue.lt\/en\/wp-json\/wp\/v2\/pages\/69","targetHints":{"allow":["GET"]}}],"collection":[{"href":"https:\/\/addedvalue.lt\/en\/wp-json\/wp\/v2\/pages"}],"about":[{"href":"https:\/\/addedvalue.lt\/en\/wp-json\/wp\/v2\/types\/page"}],"author":[{"embeddable":true,"href":"https:\/\/addedvalue.lt\/en\/wp-json\/wp\/v2\/users\/1"}],"replies":[{"embeddable":true,"href":"https:\/\/addedvalue.lt\/en\/wp-json\/wp\/v2\/comments?post=69"}],"version-history":[{"count":7,"href":"https:\/\/addedvalue.lt\/en\/wp-json\/wp\/v2\/pages\/69\/revisions"}],"predecessor-version":[{"id":1816,"href":"https:\/\/addedvalue.lt\/en\/wp-json\/wp\/v2\/pages\/69\/revisions\/1816"}],"wp:attachment":[{"href":"https:\/\/addedvalue.lt\/en\/wp-json\/wp\/v2\/media?parent=69"}],"curies":[{"name":"wp","href":"https:\/\/api.w.org\/{rel}","templated":true}]}}