{"id":1355,"date":"2025-04-13T22:39:15","date_gmt":"2025-04-13T21:39:15","guid":{"rendered":"https:\/\/addedvalue.lt\/?page_id=1355"},"modified":"2025-04-16T22:29:28","modified_gmt":"2025-04-16T21:29:28","slug":"verslui-2-2","status":"publish","type":"page","link":"https:\/\/addedvalue.lt\/en\/verslui\/verslui-2-2\/","title":{"rendered":"Business"},"content":{"rendered":"<div data-elementor-type=\"wp-page\" data-elementor-id=\"1355\" class=\"elementor elementor-1355\" data-elementor-settings=\"{&quot;element_pack_global_tooltip_width&quot;:{&quot;unit&quot;:&quot;px&quot;,&quot;size&quot;:&quot;&quot;,&quot;sizes&quot;:[]},&quot;element_pack_global_tooltip_width_tablet&quot;:{&quot;unit&quot;:&quot;px&quot;,&quot;size&quot;:&quot;&quot;,&quot;sizes&quot;:[]},&quot;element_pack_global_tooltip_width_mobile&quot;:{&quot;unit&quot;:&quot;px&quot;,&quot;size&quot;:&quot;&quot;,&quot;sizes&quot;:[]},&quot;element_pack_global_tooltip_padding&quot;:{&quot;unit&quot;:&quot;px&quot;,&quot;top&quot;:&quot;&quot;,&quot;right&quot;:&quot;&quot;,&quot;bottom&quot;:&quot;&quot;,&quot;left&quot;:&quot;&quot;,&quot;isLinked&quot;:true},&quot;element_pack_global_tooltip_padding_tablet&quot;:{&quot;unit&quot;:&quot;px&quot;,&quot;top&quot;:&quot;&quot;,&quot;right&quot;:&quot;&quot;,&quot;bottom&quot;:&quot;&quot;,&quot;left&quot;:&quot;&quot;,&quot;isLinked&quot;:true},&quot;element_pack_global_tooltip_padding_mobile&quot;:{&quot;unit&quot;:&quot;px&quot;,&quot;top&quot;:&quot;&quot;,&quot;right&quot;:&quot;&quot;,&quot;bottom&quot;:&quot;&quot;,&quot;left&quot;:&quot;&quot;,&quot;isLinked&quot;:true},&quot;element_pack_global_tooltip_border_radius&quot;:{&quot;unit&quot;:&quot;px&quot;,&quot;top&quot;:&quot;&quot;,&quot;right&quot;:&quot;&quot;,&quot;bottom&quot;:&quot;&quot;,&quot;left&quot;:&quot;&quot;,&quot;isLinked&quot;:true},&quot;element_pack_global_tooltip_border_radius_tablet&quot;:{&quot;unit&quot;:&quot;px&quot;,&quot;top&quot;:&quot;&quot;,&quot;right&quot;:&quot;&quot;,&quot;bottom&quot;:&quot;&quot;,&quot;left&quot;:&quot;&quot;,&quot;isLinked&quot;:true},&quot;element_pack_global_tooltip_border_radius_mobile&quot;:{&quot;unit&quot;:&quot;px&quot;,&quot;top&quot;:&quot;&quot;,&quot;right&quot;:&quot;&quot;,&quot;bottom&quot;:&quot;&quot;,&quot;left&quot;:&quot;&quot;,&quot;isLinked&quot;:true}}\" data-elementor-post-type=\"page\">\n\t\t\t\t<div class=\"elementor-element elementor-element-78349c6 e-flex e-con-boxed e-con e-parent\" data-id=\"78349c6\" data-element_type=\"container\" data-settings=\"{&quot;background_background&quot;:&quot;classic&quot;}\">\n\t\t\t\t\t<div class=\"e-con-inner\">\n\t\t\t\t<div class=\"elementor-element elementor-element-4c00511 elementor-widget__width-initial elementor-widget elementor-widget-text-editor\" data-id=\"4c00511\" data-element_type=\"widget\" data-widget_type=\"text-editor.default\">\n\t\t\t\t<div class=\"elementor-widget-container\">\n\t\t\t\t\t\t\t\t\t<p>&#034;Added Value&#034; \u2013 licensed accounting and audit firm, providing professional services tailored to individual business needs. The company shall ensure the orderly bookkeeping, financial control and successful business development, allowing the business to grow and flourish without worry.<\/p>\t\t\t\t\t\t\t\t<\/div>\n\t\t\t\t<\/div>\n\t\t\t\t<div class=\"elementor-element elementor-element-a5028de elementor-align-left elementor-mobile-align-center elementor-widget elementor-widget-button\" data-id=\"a5028de\" data-element_type=\"widget\" data-widget_type=\"button.default\">\n\t\t\t\t<div class=\"elementor-widget-container\">\n\t\t\t\t\t\t\t\t\t<div class=\"elementor-button-wrapper\">\n\t\t\t\t\t<a class=\"elementor-button elementor-button-link elementor-size-sm\" href=\"#elementor-action%3Aaction%3Dpopup%3Aopen%26settings%3DeyJpZCI6IjE4NTkiLCJ0b2dnbGUiOmZhbHNlfQ%3D%3D\">\n\t\t\t\t\t\t<span class=\"elementor-button-content-wrapper\">\n\t\t\t\t\t\t\t\t\t<span class=\"elementor-button-text\">Contact<\/span>\n\t\t\t\t\t<\/span>\n\t\t\t\t\t<\/a>\n\t\t\t\t<\/div>\n\t\t\t\t\t\t\t\t<\/div>\n\t\t\t\t<\/div>\n\t\t\t\t\t<\/div>\n\t\t\t\t<\/div>\n\t\t<div class=\"elementor-element elementor-element-5f60d81 e-flex e-con-boxed e-con e-parent\" data-id=\"5f60d81\" data-element_type=\"container\">\n\t\t\t\t\t<div class=\"e-con-inner\">\n\t\t\t\t<div class=\"elementor-element elementor-element-48378a3 elementor-widget elementor-widget-bdt-navbar\" data-id=\"48378a3\" data-element_type=\"widget\" data-widget_type=\"bdt-navbar.default\">\n\t\t\t\t<div class=\"elementor-widget-container\">\n\t\t\t\t\t\t\t<div class=\"bdt-navbar-wrapper\">\n\t\t\t<nav class=\"bdt-navbar-container bdt-navbar bdt-navbar-transparent\" data-bdt-navbar=\"{&quot;align&quot;:&quot;left&quot;,&quot;delay-hide&quot;:800,&quot;duration&quot;:200}\">\n\t\t\t\t<ul class=\"bdt-navbar-nav\"><li style=\"\" data-id=\"1339\"><a href=\"https:\/\/addedvalue.lt\/en\/verslui\/\">Company establishment<\/a><\/li><li style=\"\" data-id=\"1354\"><a href=\"https:\/\/addedvalue.lt\/en\/verslui\/verslui-2\/\">Setting up a business<\/a><\/li><li style=\"\" data-id=\"1359\"><a href=\"https:\/\/addedvalue.lt\/en\/verslui\/verslui-2-2\/\">Business development<\/a><\/li><\/ul>\t\t\t<\/nav>\n\t\t<\/div>\n\t\t\t\t\t\t<\/div>\n\t\t\t\t<\/div>\n\t\t\t\t\t<\/div>\n\t\t\t\t<\/div>\n\t\t<div class=\"elementor-element elementor-element-7c4fed3 e-flex e-con-boxed e-con e-parent\" data-id=\"7c4fed3\" data-element_type=\"container\">\n\t\t\t\t\t<div class=\"e-con-inner\">\n\t\t\t\t<div class=\"elementor-element elementor-element-84d4b2e elementor-widget elementor-widget-heading\" data-id=\"84d4b2e\" data-element_type=\"widget\" data-widget_type=\"heading.default\">\n\t\t\t\t<div class=\"elementor-widget-container\">\n\t\t\t\t\t<h2 class=\"elementor-heading-title elementor-size-default\">Business development<\/h2>\t\t\t\t<\/div>\n\t\t\t\t<\/div>\n\t\t\t\t<div class=\"elementor-element elementor-element-940963d elementor-widget elementor-widget-text-editor\" data-id=\"940963d\" data-element_type=\"widget\" data-widget_type=\"text-editor.default\">\n\t\t\t\t<div class=\"elementor-widget-container\">\n\t\t\t\t\t\t\t\t\t<p>One of the key features that distinguish profitable businesses from unsuccessful \u2013 it is the ability to manage business development, and properly optimize their activities. Seeking to optimize the company&#039;s activities, in particular, those processes to get to know.<br \/>Economic growth has allowed the companies in Lithuania to grow almost uncontrollably. While this provided an opportunity for companies to grow, as long as no one even nesusim\u0105st\u0117 on efficient processes optimization, the need to serve customers. All were happy that the customer is increasing, because the turnover is increasing as well. Therefore, took place of the natural processes, result in macroeconomic conditions in both the country and the world.<br \/>Now sales turnover decreases, the debt is growing, the timely payment of wages and taxes, it became difficult. Of the payment of wages, thrown out of work workers, it is not the solution. But the solution to these problems must, otherwise the business will fail. Business essential and unavoidable activity in the optimization process in order to maintain a competitive advantage in the market.<\/p><p><span style=\"color: #8f4592;\"><strong>Best business optimization result is achieved when the implementation of the following stages:<\/strong><\/span><\/p><ul><li><span style=\"color: #8f4592;\"><strong>business process analysis, which shall be analysed and documented current business processes, their relationship;<\/strong><\/span><\/li><li><span style=\"color: #8f4592;\"><strong>process optimization, standardization and quality indicators for the development of the system, in other words, it is the processes of alignment with each other;<\/strong><\/span><\/li><li><span style=\"color: #8f4592;\"><strong>process automation, it contracts, reports preparation, document management, etc.<\/strong><\/span><\/li><\/ul><p>Effectively working with the business to create jobs, which is to decide the economic and social problems and improves quality of life. Successful business examples encourage the development of new formation \u2013 further exploit opportunities in the regions, focuses on and is enabled for the younger generation potential.<\/p><p>We use the Added Value business advice you as soon as possible and efficient way to resolve any difficulties encountered \u2013 this will increase Your business quality, increase efficiency, which will enable the successful business development. To avoid mistakes, the faster you make effective decisions necessary to operate in a competitive market.<\/p>\t\t\t\t\t\t\t\t<\/div>\n\t\t\t\t<\/div>\n\t\t\t\t\t<\/div>\n\t\t\t\t<\/div>\n\t\t<div class=\"elementor-element elementor-element-4454445 e-flex e-con-boxed e-con e-child\" data-id=\"4454445\" data-element_type=\"container\">\n\t\t\t\t\t<div class=\"e-con-inner\">\n\t\t\t\t<div class=\"elementor-element elementor-element-fa94ded elementor-widget elementor-widget-text-editor\" data-id=\"fa94ded\" data-element_type=\"widget\" data-widget_type=\"text-editor.default\">\n\t\t\t\t<div class=\"elementor-widget-container\">\n\t\t\t\t\t\t\t\t\t<p>Plan set<br \/>the development of business?<\/p>\t\t\t\t\t\t\t\t<\/div>\n\t\t\t\t<\/div>\n\t\t\t\t<div class=\"elementor-element elementor-element-93b0485 elementor-widget__width-initial elementor-widget elementor-widget-text-editor\" data-id=\"93b0485\" data-element_type=\"widget\" data-widget_type=\"text-editor.default\">\n\t\t\t\t<div class=\"elementor-widget-container\">\n\t\t\t\t\t\t\t\t\t<p>Professional specialists will respond to all your questions and it doesn&#039;t matter if you are just a beginner entrepreneur, or already advanced. We have the experience and knowledge, so we will share our and we&#039;ll advise you!<\/p>\t\t\t\t\t\t\t\t<\/div>\n\t\t\t\t<\/div>\n\t\t\t\t<div class=\"elementor-element elementor-element-c110615 elementor-align-center elementor-widget elementor-widget-button\" data-id=\"c110615\" data-element_type=\"widget\" data-widget_type=\"button.default\">\n\t\t\t\t<div class=\"elementor-widget-container\">\n\t\t\t\t\t\t\t\t\t<div class=\"elementor-button-wrapper\">\n\t\t\t\t\t<a class=\"elementor-button elementor-button-link elementor-size-sm\" href=\"#elementor-action%3Aaction%3Dpopup%3Aopen%26settings%3DeyJpZCI6IjE4NTkiLCJ0b2dnbGUiOmZhbHNlfQ%3D%3D\">\n\t\t\t\t\t\t<span class=\"elementor-button-content-wrapper\">\n\t\t\t\t\t\t\t\t\t<span class=\"elementor-button-text\">Contact<\/span>\n\t\t\t\t\t<\/span>\n\t\t\t\t\t<\/a>\n\t\t\t\t<\/div>\n\t\t\t\t\t\t\t\t<\/div>\n\t\t\t\t<\/div>\n\t\t\t\t\t<\/div>\n\t\t\t\t<\/div>\n\t\t\t\t<\/div>","protected":false},"excerpt":{"rendered":"<p>\u201eAdded Value\u201c \u2013 licencijuota buhalterin\u0117s apskaitos ir audito \u012fmon\u0117, teikianti profesionalias paslaugas, [&hellip;]<\/p>","protected":false},"author":1,"featured_media":0,"parent":1297,"menu_order":0,"comment_status":"closed","ping_status":"closed","template":"","meta":{"footnotes":""},"class_list":["post-1355","page","type-page","status-publish","hentry"],"yoast_head":"<!-- This site is optimized with the Yoast SEO plugin v25.9 - https:\/\/yoast.com\/wordpress\/plugins\/seo\/ -->\n<title>Verslui - ADDED VALUE<\/title>\n<meta name=\"robots\" content=\"index, follow, max-snippet:-1, max-image-preview:large, max-video-preview:-1\" \/>\n<link rel=\"canonical\" href=\"https:\/\/addedvalue.lt\/en\/verslui\/verslui-2-2\/\" \/>\n<meta property=\"og:locale\" content=\"en_US\" \/>\n<meta property=\"og:type\" content=\"article\" \/>\n<meta property=\"og:title\" content=\"Verslui - ADDED VALUE\" \/>\n<meta property=\"og:description\" content=\"\u201eAdded Value\u201c \u2013 licencijuota buhalterin\u0117s apskaitos ir audito \u012fmon\u0117, teikianti profesionalias paslaugas, [&hellip;]\" \/>\n<meta property=\"og:url\" content=\"https:\/\/addedvalue.lt\/en\/verslui\/verslui-2-2\/\" \/>\n<meta property=\"og:site_name\" content=\"ADDED VALUE\" \/>\n<meta property=\"article:modified_time\" content=\"2025-04-16T21:29:28+00:00\" \/>\n<meta name=\"twitter:card\" content=\"summary_large_image\" \/>\n<meta name=\"twitter:label1\" content=\"Est. reading time\" \/>\n\t<meta name=\"twitter:data1\" content=\"2 minutes\" \/>\n<script type=\"application\/ld+json\" class=\"yoast-schema-graph\">{\"@context\":\"https:\/\/schema.org\",\"@graph\":[{\"@type\":\"WebPage\",\"@id\":\"https:\/\/addedvalue.lt\/verslui\/verslui-2-2\/\",\"url\":\"https:\/\/addedvalue.lt\/verslui\/verslui-2-2\/\",\"name\":\"Verslui - ADDED VALUE\",\"isPartOf\":{\"@id\":\"https:\/\/addedvalue.lt\/#website\"},\"datePublished\":\"2025-04-13T21:39:15+00:00\",\"dateModified\":\"2025-04-16T21:29:28+00:00\",\"breadcrumb\":{\"@id\":\"https:\/\/addedvalue.lt\/verslui\/verslui-2-2\/#breadcrumb\"},\"inLanguage\":\"en-US\",\"potentialAction\":[{\"@type\":\"ReadAction\",\"target\":[\"https:\/\/addedvalue.lt\/verslui\/verslui-2-2\/\"]}]},{\"@type\":\"BreadcrumbList\",\"@id\":\"https:\/\/addedvalue.lt\/verslui\/verslui-2-2\/#breadcrumb\",\"itemListElement\":[{\"@type\":\"ListItem\",\"position\":1,\"name\":\"Home\",\"item\":\"https:\/\/addedvalue.lt\/\"},{\"@type\":\"ListItem\",\"position\":2,\"name\":\"Verslui\",\"item\":\"https:\/\/addedvalue.lt\/verslui\/\"},{\"@type\":\"ListItem\",\"position\":3,\"name\":\"Verslui\"}]},{\"@type\":\"WebSite\",\"@id\":\"https:\/\/addedvalue.lt\/#website\",\"url\":\"https:\/\/addedvalue.lt\/\",\"name\":\"ADDED VALUE\",\"description\":\"\",\"potentialAction\":[{\"@type\":\"SearchAction\",\"target\":{\"@type\":\"EntryPoint\",\"urlTemplate\":\"https:\/\/addedvalue.lt\/?s={search_term_string}\"},\"query-input\":{\"@type\":\"PropertyValueSpecification\",\"valueRequired\":true,\"valueName\":\"search_term_string\"}}],\"inLanguage\":\"en-US\"}]}<\/script>\n<!-- \/ Yoast SEO plugin. -->","yoast_head_json":{"title":"Verslui - ADDED VALUE","robots":{"index":"index","follow":"follow","max-snippet":"max-snippet:-1","max-image-preview":"max-image-preview:large","max-video-preview":"max-video-preview:-1"},"canonical":"https:\/\/addedvalue.lt\/en\/verslui\/verslui-2-2\/","og_locale":"en_US","og_type":"article","og_title":"Verslui - ADDED VALUE","og_description":"\u201eAdded Value\u201c \u2013 licencijuota buhalterin\u0117s apskaitos ir audito \u012fmon\u0117, teikianti profesionalias paslaugas, [&hellip;]","og_url":"https:\/\/addedvalue.lt\/en\/verslui\/verslui-2-2\/","og_site_name":"ADDED VALUE","article_modified_time":"2025-04-16T21:29:28+00:00","twitter_card":"summary_large_image","twitter_misc":{"Est. reading time":"2 minutes"},"schema":{"@context":"https:\/\/schema.org","@graph":[{"@type":"WebPage","@id":"https:\/\/addedvalue.lt\/verslui\/verslui-2-2\/","url":"https:\/\/addedvalue.lt\/verslui\/verslui-2-2\/","name":"Verslui - ADDED VALUE","isPartOf":{"@id":"https:\/\/addedvalue.lt\/#website"},"datePublished":"2025-04-13T21:39:15+00:00","dateModified":"2025-04-16T21:29:28+00:00","breadcrumb":{"@id":"https:\/\/addedvalue.lt\/verslui\/verslui-2-2\/#breadcrumb"},"inLanguage":"en-US","potentialAction":[{"@type":"ReadAction","target":["https:\/\/addedvalue.lt\/verslui\/verslui-2-2\/"]}]},{"@type":"BreadcrumbList","@id":"https:\/\/addedvalue.lt\/verslui\/verslui-2-2\/#breadcrumb","itemListElement":[{"@type":"ListItem","position":1,"name":"Home","item":"https:\/\/addedvalue.lt\/"},{"@type":"ListItem","position":2,"name":"Verslui","item":"https:\/\/addedvalue.lt\/verslui\/"},{"@type":"ListItem","position":3,"name":"Verslui"}]},{"@type":"WebSite","@id":"https:\/\/addedvalue.lt\/#website","url":"https:\/\/addedvalue.lt\/","name":"ADDED VALUE","description":"","potentialAction":[{"@type":"SearchAction","target":{"@type":"EntryPoint","urlTemplate":"https:\/\/addedvalue.lt\/?s={search_term_string}"},"query-input":{"@type":"PropertyValueSpecification","valueRequired":true,"valueName":"search_term_string"}}],"inLanguage":"en-US"}]}},"_links":{"self":[{"href":"https:\/\/addedvalue.lt\/en\/wp-json\/wp\/v2\/pages\/1355","targetHints":{"allow":["GET"]}}],"collection":[{"href":"https:\/\/addedvalue.lt\/en\/wp-json\/wp\/v2\/pages"}],"about":[{"href":"https:\/\/addedvalue.lt\/en\/wp-json\/wp\/v2\/types\/page"}],"author":[{"embeddable":true,"href":"https:\/\/addedvalue.lt\/en\/wp-json\/wp\/v2\/users\/1"}],"replies":[{"embeddable":true,"href":"https:\/\/addedvalue.lt\/en\/wp-json\/wp\/v2\/comments?post=1355"}],"version-history":[{"count":12,"href":"https:\/\/addedvalue.lt\/en\/wp-json\/wp\/v2\/pages\/1355\/revisions"}],"predecessor-version":[{"id":1989,"href":"https:\/\/addedvalue.lt\/en\/wp-json\/wp\/v2\/pages\/1355\/revisions\/1989"}],"up":[{"embeddable":true,"href":"https:\/\/addedvalue.lt\/en\/wp-json\/wp\/v2\/pages\/1297"}],"wp:attachment":[{"href":"https:\/\/addedvalue.lt\/en\/wp-json\/wp\/v2\/media?parent=1355"}],"curies":[{"name":"wp","href":"https:\/\/api.w.org\/{rel}","templated":true}]}}