{"id":1340,"date":"2025-04-13T22:16:38","date_gmt":"2025-04-13T21:16:38","guid":{"rendered":"https:\/\/addedvalue.lt\/?page_id=1340"},"modified":"2025-04-16T22:28:58","modified_gmt":"2025-04-16T21:28:58","slug":"verslui-2","status":"publish","type":"page","link":"https:\/\/addedvalue.lt\/en\/verslui\/verslui-2\/","title":{"rendered":"Business"},"content":{"rendered":"<div data-elementor-type=\"wp-page\" data-elementor-id=\"1340\" class=\"elementor elementor-1340\" data-elementor-settings=\"{&quot;element_pack_global_tooltip_width&quot;:{&quot;unit&quot;:&quot;px&quot;,&quot;size&quot;:&quot;&quot;,&quot;sizes&quot;:[]},&quot;element_pack_global_tooltip_width_tablet&quot;:{&quot;unit&quot;:&quot;px&quot;,&quot;size&quot;:&quot;&quot;,&quot;sizes&quot;:[]},&quot;element_pack_global_tooltip_width_mobile&quot;:{&quot;unit&quot;:&quot;px&quot;,&quot;size&quot;:&quot;&quot;,&quot;sizes&quot;:[]},&quot;element_pack_global_tooltip_padding&quot;:{&quot;unit&quot;:&quot;px&quot;,&quot;top&quot;:&quot;&quot;,&quot;right&quot;:&quot;&quot;,&quot;bottom&quot;:&quot;&quot;,&quot;left&quot;:&quot;&quot;,&quot;isLinked&quot;:true},&quot;element_pack_global_tooltip_padding_tablet&quot;:{&quot;unit&quot;:&quot;px&quot;,&quot;top&quot;:&quot;&quot;,&quot;right&quot;:&quot;&quot;,&quot;bottom&quot;:&quot;&quot;,&quot;left&quot;:&quot;&quot;,&quot;isLinked&quot;:true},&quot;element_pack_global_tooltip_padding_mobile&quot;:{&quot;unit&quot;:&quot;px&quot;,&quot;top&quot;:&quot;&quot;,&quot;right&quot;:&quot;&quot;,&quot;bottom&quot;:&quot;&quot;,&quot;left&quot;:&quot;&quot;,&quot;isLinked&quot;:true},&quot;element_pack_global_tooltip_border_radius&quot;:{&quot;unit&quot;:&quot;px&quot;,&quot;top&quot;:&quot;&quot;,&quot;right&quot;:&quot;&quot;,&quot;bottom&quot;:&quot;&quot;,&quot;left&quot;:&quot;&quot;,&quot;isLinked&quot;:true},&quot;element_pack_global_tooltip_border_radius_tablet&quot;:{&quot;unit&quot;:&quot;px&quot;,&quot;top&quot;:&quot;&quot;,&quot;right&quot;:&quot;&quot;,&quot;bottom&quot;:&quot;&quot;,&quot;left&quot;:&quot;&quot;,&quot;isLinked&quot;:true},&quot;element_pack_global_tooltip_border_radius_mobile&quot;:{&quot;unit&quot;:&quot;px&quot;,&quot;top&quot;:&quot;&quot;,&quot;right&quot;:&quot;&quot;,&quot;bottom&quot;:&quot;&quot;,&quot;left&quot;:&quot;&quot;,&quot;isLinked&quot;:true}}\" data-elementor-post-type=\"page\">\n\t\t\t\t<div class=\"elementor-element elementor-element-78349c6 e-flex e-con-boxed e-con e-parent\" data-id=\"78349c6\" data-element_type=\"container\" data-settings=\"{&quot;background_background&quot;:&quot;classic&quot;}\">\n\t\t\t\t\t<div class=\"e-con-inner\">\n\t\t\t\t<div class=\"elementor-element elementor-element-4c00511 elementor-widget__width-initial elementor-widget elementor-widget-text-editor\" data-id=\"4c00511\" data-element_type=\"widget\" data-widget_type=\"text-editor.default\">\n\t\t\t\t<div class=\"elementor-widget-container\">\n\t\t\t\t\t\t\t\t\t<p>&#034;Added Value&#034; \u2013 licensed accounting and audit firm, providing professional services tailored to individual business needs. The company shall ensure the orderly bookkeeping, financial control and successful business development, allowing the business to grow and flourish without worry.<\/p>\t\t\t\t\t\t\t\t<\/div>\n\t\t\t\t<\/div>\n\t\t\t\t<div class=\"elementor-element elementor-element-23a0fe1 elementor-align-left elementor-mobile-align-center elementor-widget elementor-widget-button\" data-id=\"23a0fe1\" data-element_type=\"widget\" data-widget_type=\"button.default\">\n\t\t\t\t<div class=\"elementor-widget-container\">\n\t\t\t\t\t\t\t\t\t<div class=\"elementor-button-wrapper\">\n\t\t\t\t\t<a class=\"elementor-button elementor-button-link elementor-size-sm\" href=\"#elementor-action%3Aaction%3Dpopup%3Aopen%26settings%3DeyJpZCI6IjE4NTkiLCJ0b2dnbGUiOmZhbHNlfQ%3D%3D\">\n\t\t\t\t\t\t<span class=\"elementor-button-content-wrapper\">\n\t\t\t\t\t\t\t\t\t<span class=\"elementor-button-text\">Contact<\/span>\n\t\t\t\t\t<\/span>\n\t\t\t\t\t<\/a>\n\t\t\t\t<\/div>\n\t\t\t\t\t\t\t\t<\/div>\n\t\t\t\t<\/div>\n\t\t\t\t\t<\/div>\n\t\t\t\t<\/div>\n\t\t<div class=\"elementor-element elementor-element-5f60d81 e-flex e-con-boxed e-con e-parent\" data-id=\"5f60d81\" data-element_type=\"container\">\n\t\t\t\t\t<div class=\"e-con-inner\">\n\t\t\t\t<div class=\"elementor-element elementor-element-48378a3 elementor-widget elementor-widget-bdt-navbar\" data-id=\"48378a3\" data-element_type=\"widget\" data-widget_type=\"bdt-navbar.default\">\n\t\t\t\t<div class=\"elementor-widget-container\">\n\t\t\t\t\t\t\t<div class=\"bdt-navbar-wrapper\">\n\t\t\t<nav class=\"bdt-navbar-container bdt-navbar bdt-navbar-transparent\" data-bdt-navbar=\"{&quot;align&quot;:&quot;left&quot;,&quot;delay-hide&quot;:800,&quot;duration&quot;:200}\">\n\t\t\t\t<ul class=\"bdt-navbar-nav\"><li style=\"\" data-id=\"1339\"><a href=\"https:\/\/addedvalue.lt\/en\/verslui\/\">Company establishment<\/a><\/li><li style=\"\" data-id=\"1354\"><a href=\"https:\/\/addedvalue.lt\/en\/verslui\/verslui-2\/\">Setting up a business<\/a><\/li><li style=\"\" data-id=\"1359\"><a href=\"https:\/\/addedvalue.lt\/en\/verslui\/verslui-2-2\/\">Business development<\/a><\/li><\/ul>\t\t\t<\/nav>\n\t\t<\/div>\n\t\t\t\t\t\t<\/div>\n\t\t\t\t<\/div>\n\t\t\t\t\t<\/div>\n\t\t\t\t<\/div>\n\t\t<div class=\"elementor-element elementor-element-7c4fed3 e-flex e-con-boxed e-con e-parent\" data-id=\"7c4fed3\" data-element_type=\"container\">\n\t\t\t\t\t<div class=\"e-con-inner\">\n\t\t\t\t<div class=\"elementor-element elementor-element-84d4b2e elementor-widget elementor-widget-heading\" data-id=\"84d4b2e\" data-element_type=\"widget\" data-widget_type=\"heading.default\">\n\t\t\t\t<div class=\"elementor-widget-container\">\n\t\t\t\t\t<h2 class=\"elementor-heading-title elementor-size-default\">Start a business<\/h2>\t\t\t\t<\/div>\n\t\t\t\t<\/div>\n\t\t\t\t<div class=\"elementor-element elementor-element-940963d elementor-widget elementor-widget-text-editor\" data-id=\"940963d\" data-element_type=\"widget\" data-widget_type=\"text-editor.default\">\n\t\t\t\t<div class=\"elementor-widget-container\">\n\t\t\t\t\t\t\t\t\t<p>&#034;Added Value&#034; experience, free expert advice possibility of automated data collection and performance monitoring technology allows to create added value for Your business start up. So you can indulge u\u017etikrintam business shoot off and development, financial and legal worries by entrusting &#034;Added Value&#034; to higher education institutions, accounting technology.<br \/><br \/>Company shall ensure the progressive i\u0161pildytais companies establishing processes: establishing the preparation of the documents, the share of capital formation, registration procedures, registration address for grant. Graduate of accounting technology allows you to reduce Your labour costs, eliminate human error probability and the guarantee of a financially secure Your start-up businesses. Effective business process control, additional to Your business needs i\u0161pildan\u010di\u0173 modules installation and the possibility to access the needed information from any location data in the cloud \u2013 added &#034;Added Value&#034; the value of Your business start up.<\/p>\t\t\t\t\t\t\t\t<\/div>\n\t\t\t\t<\/div>\n\t\t\t\t\t<\/div>\n\t\t\t\t<\/div>\n\t\t<div class=\"elementor-element elementor-element-de1a1f6 e-flex e-con-boxed e-con e-parent\" data-id=\"de1a1f6\" data-element_type=\"container\">\n\t\t\t\t\t<div class=\"e-con-inner\">\n\t\t<div class=\"elementor-element elementor-element-9ac07ba e-con-full e-flex e-con e-child\" data-id=\"9ac07ba\" data-element_type=\"container\" data-settings=\"{&quot;background_background&quot;:&quot;classic&quot;}\">\n\t\t\t\t<div class=\"elementor-element elementor-element-f23f2ff elementor-widget elementor-widget-heading\" data-id=\"f23f2ff\" data-element_type=\"widget\" data-widget_type=\"heading.default\">\n\t\t\t\t<div class=\"elementor-widget-container\">\n\t\t\t\t\t<h2 class=\"elementor-heading-title elementor-size-default\">Business <br>consultation<\/h2>\t\t\t\t<\/div>\n\t\t\t\t<\/div>\n\t\t\t\t<\/div>\n\t\t<div class=\"elementor-element elementor-element-76b9503 e-con-full e-flex e-con e-child\" data-id=\"76b9503\" data-element_type=\"container\" data-settings=\"{&quot;background_background&quot;:&quot;classic&quot;}\">\n\t\t\t\t<div class=\"elementor-element elementor-element-d0695f2 elementor-widget elementor-widget-text-editor\" data-id=\"d0695f2\" data-element_type=\"widget\" data-widget_type=\"text-editor.default\">\n\t\t\t\t<div class=\"elementor-widget-container\">\n\t\t\t\t\t\t\t\t\t<p>Every entrepreneur wants to develop a successful business, but often do not think, that in order to achieve the highest results, it is necessary to constantly deepen and broaden their knowledge. It is necessary and whether Your business is small or large. Also is there any value in any stage of Your business, because if it hit a stagnation, then the new knowledge, tips, recommendations for You binding. Just as is also the case if the business grows, as it has to maintain good performance. Knowledge can deepen and expand in different ways, for example, to attend business-related seminars, read books, or simply search for the information online, however, there is nothing worth more than get a professional help and advice.<br \/><br \/>Business consulting is one of the effective ways to get professional help in expanding Your knowledge, and most importantly, that the recommendations will be designed specifically for Your company&#039;s operations.<\/p>\t\t\t\t\t\t\t\t<\/div>\n\t\t\t\t<\/div>\n\t\t\t\t<\/div>\n\t\t\t\t\t<\/div>\n\t\t\t\t<\/div>\n\t\t<div class=\"elementor-element elementor-element-e24c787 e-flex e-con-boxed e-con e-parent\" data-id=\"e24c787\" data-element_type=\"container\">\n\t\t\t\t\t<div class=\"e-con-inner\">\n\t\t\t\t<div class=\"elementor-element elementor-element-457e03c elementor-widget elementor-widget-text-editor\" data-id=\"457e03c\" data-element_type=\"widget\" data-widget_type=\"text-editor.default\">\n\t\t\t\t<div class=\"elementor-widget-container\">\n\t\t\t\t\t\t\t\t\t<p>Please note that upon receipt of information of a general nature on the internet or in other sources, You need to handle it and apply specific area, it often takes not only a lot of time, but ultimately fails because of a lack of qualifications.<br \/>If You are just starting your business, or maybe you intend it to start, then such consultation You will especially come in handy, as you&#039;ll get experienced professional help, who will propose such business development techniques you might even you&#039;ve never thought or heard of, so the newly \u012fgautos knowledge will help not only easier to start, but also can save considerable cost, in good time and avoid mistakes. Although you are not in the business newbie, business consultation exercise should be, because everything around You is constantly changing, and You have to guess to adapt and keep the business.<\/p>\t\t\t\t\t\t\t\t<\/div>\n\t\t\t\t<\/div>\n\t\t\t\t\t<\/div>\n\t\t\t\t<\/div>\n\t\t<div class=\"elementor-element elementor-element-551bd45 e-flex e-con-boxed e-con e-parent\" data-id=\"551bd45\" data-element_type=\"container\">\n\t\t\t\t\t<div class=\"e-con-inner\">\n\t\t<div class=\"elementor-element elementor-element-ff600d0 e-con-full e-flex e-con e-child\" data-id=\"ff600d0\" data-element_type=\"container\" data-settings=\"{&quot;background_background&quot;:&quot;classic&quot;}\">\n\t\t\t\t<div class=\"elementor-element elementor-element-c00ae94 elementor-widget elementor-widget-text-editor\" data-id=\"c00ae94\" data-element_type=\"widget\" data-widget_type=\"text-editor.default\">\n\t\t\t\t<div class=\"elementor-widget-container\">\n\t\t\t\t\t\t\t\t\t<p>Accounting is often called the universal language of business, the aim is to highlight the accounting the importance of the economic process. In order to successfully run any business, the need to strive to achieve its objectives and improve enterprise&#039;s accounting results.<br \/>Enterprises is influenced by many external and internal factors, whose effects on the company may not always be documented or estimated reliably, but it is significant. Provides accounting and financial reporting procedures for the award encourages to take into account and evaluate the long-term factors which may affect the company&#039;s business outlook.<\/p><p>Added Value is provided by the business accounting consultations on matters. Advice to a company is useful in a lot of ways, several of the key: the consultant to Your business looks critically, realistically, so You can understand the current and future business perspective \u2013 what else is needed or perhaps lack of, as well as by the management techniques appropriate to use and how to install correctly. But the main thing is that the consultant Your business idea can affect one or the other direction and will save You from errors.<\/p>\t\t\t\t\t\t\t\t<\/div>\n\t\t\t\t<\/div>\n\t\t\t\t<\/div>\n\t\t<div class=\"elementor-element elementor-element-e7ce9cb e-con-full e-flex e-con e-child\" data-id=\"e7ce9cb\" data-element_type=\"container\" data-settings=\"{&quot;background_background&quot;:&quot;classic&quot;}\">\n\t\t\t\t<div class=\"elementor-element elementor-element-9f29ba5 elementor-widget elementor-widget-heading\" data-id=\"9f29ba5\" data-element_type=\"widget\" data-widget_type=\"heading.default\">\n\t\t\t\t<div class=\"elementor-widget-container\">\n\t\t\t\t\t<h2 class=\"elementor-heading-title elementor-size-default\">Business accounting consultation<\/h2>\t\t\t\t<\/div>\n\t\t\t\t<\/div>\n\t\t\t\t<\/div>\n\t\t\t\t\t<\/div>\n\t\t\t\t<\/div>\n\t\t<div class=\"elementor-element elementor-element-4454445 e-flex e-con-boxed e-con e-child\" data-id=\"4454445\" data-element_type=\"container\">\n\t\t\t\t\t<div class=\"e-con-inner\">\n\t\t\t\t<div class=\"elementor-element elementor-element-fa94ded elementor-widget elementor-widget-text-editor\" data-id=\"fa94ded\" data-element_type=\"widget\" data-widget_type=\"text-editor.default\">\n\t\t\t\t<div class=\"elementor-widget-container\">\n\t\t\t\t\t\t\t\t\t<p>Plan set <br \/>the development of business?<\/p>\t\t\t\t\t\t\t\t<\/div>\n\t\t\t\t<\/div>\n\t\t\t\t<div class=\"elementor-element elementor-element-93b0485 elementor-widget__width-initial elementor-widget elementor-widget-text-editor\" data-id=\"93b0485\" data-element_type=\"widget\" data-widget_type=\"text-editor.default\">\n\t\t\t\t<div class=\"elementor-widget-container\">\n\t\t\t\t\t\t\t\t\t<p>Professional specialists will respond to all your questions and it doesn&#039;t matter if you are just a beginner entrepreneur, or already advanced. We have the experience and knowledge, so we will share our and we&#039;ll advise you!<\/p>\t\t\t\t\t\t\t\t<\/div>\n\t\t\t\t<\/div>\n\t\t\t\t<div class=\"elementor-element elementor-element-c110615 elementor-align-center elementor-widget elementor-widget-button\" data-id=\"c110615\" data-element_type=\"widget\" data-widget_type=\"button.default\">\n\t\t\t\t<div class=\"elementor-widget-container\">\n\t\t\t\t\t\t\t\t\t<div class=\"elementor-button-wrapper\">\n\t\t\t\t\t<a class=\"elementor-button elementor-button-link elementor-size-sm\" href=\"#elementor-action%3Aaction%3Dpopup%3Aopen%26settings%3DeyJpZCI6IjE4NTkiLCJ0b2dnbGUiOmZhbHNlfQ%3D%3D\">\n\t\t\t\t\t\t<span class=\"elementor-button-content-wrapper\">\n\t\t\t\t\t\t\t\t\t<span class=\"elementor-button-text\">Contact<\/span>\n\t\t\t\t\t<\/span>\n\t\t\t\t\t<\/a>\n\t\t\t\t<\/div>\n\t\t\t\t\t\t\t\t<\/div>\n\t\t\t\t<\/div>\n\t\t\t\t\t<\/div>\n\t\t\t\t<\/div>\n\t\t\t\t<\/div>","protected":false},"excerpt":{"rendered":"<p>\u201eAdded Value\u201c \u2013 licencijuota buhalterin\u0117s apskaitos ir audito \u012fmon\u0117, teikianti profesionalias paslaugas, [&hellip;]<\/p>","protected":false},"author":1,"featured_media":0,"parent":1297,"menu_order":0,"comment_status":"closed","ping_status":"closed","template":"","meta":{"footnotes":""},"class_list":["post-1340","page","type-page","status-publish","hentry"],"yoast_head":"<!-- This site is optimized with the Yoast SEO plugin v25.9 - https:\/\/yoast.com\/wordpress\/plugins\/seo\/ -->\n<title>Verslui - ADDED VALUE<\/title>\n<meta name=\"robots\" content=\"index, follow, max-snippet:-1, max-image-preview:large, max-video-preview:-1\" \/>\n<link rel=\"canonical\" href=\"https:\/\/addedvalue.lt\/en\/verslui\/verslui-2\/\" \/>\n<meta property=\"og:locale\" content=\"en_US\" \/>\n<meta property=\"og:type\" content=\"article\" \/>\n<meta property=\"og:title\" content=\"Verslui - ADDED VALUE\" \/>\n<meta property=\"og:description\" content=\"\u201eAdded Value\u201c \u2013 licencijuota buhalterin\u0117s apskaitos ir audito \u012fmon\u0117, teikianti profesionalias paslaugas, [&hellip;]\" \/>\n<meta property=\"og:url\" content=\"https:\/\/addedvalue.lt\/en\/verslui\/verslui-2\/\" \/>\n<meta property=\"og:site_name\" content=\"ADDED VALUE\" \/>\n<meta property=\"article:modified_time\" content=\"2025-04-16T21:28:58+00:00\" \/>\n<meta name=\"twitter:card\" content=\"summary_large_image\" \/>\n<meta name=\"twitter:label1\" content=\"Est. reading time\" \/>\n\t<meta name=\"twitter:data1\" content=\"3 minutes\" \/>\n<script type=\"application\/ld+json\" class=\"yoast-schema-graph\">{\"@context\":\"https:\/\/schema.org\",\"@graph\":[{\"@type\":\"WebPage\",\"@id\":\"https:\/\/addedvalue.lt\/verslui\/verslui-2\/\",\"url\":\"https:\/\/addedvalue.lt\/verslui\/verslui-2\/\",\"name\":\"Verslui - ADDED VALUE\",\"isPartOf\":{\"@id\":\"https:\/\/addedvalue.lt\/#website\"},\"datePublished\":\"2025-04-13T21:16:38+00:00\",\"dateModified\":\"2025-04-16T21:28:58+00:00\",\"breadcrumb\":{\"@id\":\"https:\/\/addedvalue.lt\/verslui\/verslui-2\/#breadcrumb\"},\"inLanguage\":\"en-US\",\"potentialAction\":[{\"@type\":\"ReadAction\",\"target\":[\"https:\/\/addedvalue.lt\/verslui\/verslui-2\/\"]}]},{\"@type\":\"BreadcrumbList\",\"@id\":\"https:\/\/addedvalue.lt\/verslui\/verslui-2\/#breadcrumb\",\"itemListElement\":[{\"@type\":\"ListItem\",\"position\":1,\"name\":\"Home\",\"item\":\"https:\/\/addedvalue.lt\/\"},{\"@type\":\"ListItem\",\"position\":2,\"name\":\"Verslui\",\"item\":\"https:\/\/addedvalue.lt\/verslui\/\"},{\"@type\":\"ListItem\",\"position\":3,\"name\":\"Verslui\"}]},{\"@type\":\"WebSite\",\"@id\":\"https:\/\/addedvalue.lt\/#website\",\"url\":\"https:\/\/addedvalue.lt\/\",\"name\":\"ADDED VALUE\",\"description\":\"\",\"potentialAction\":[{\"@type\":\"SearchAction\",\"target\":{\"@type\":\"EntryPoint\",\"urlTemplate\":\"https:\/\/addedvalue.lt\/?s={search_term_string}\"},\"query-input\":{\"@type\":\"PropertyValueSpecification\",\"valueRequired\":true,\"valueName\":\"search_term_string\"}}],\"inLanguage\":\"en-US\"}]}<\/script>\n<!-- \/ Yoast SEO plugin. -->","yoast_head_json":{"title":"Verslui - ADDED VALUE","robots":{"index":"index","follow":"follow","max-snippet":"max-snippet:-1","max-image-preview":"max-image-preview:large","max-video-preview":"max-video-preview:-1"},"canonical":"https:\/\/addedvalue.lt\/en\/verslui\/verslui-2\/","og_locale":"en_US","og_type":"article","og_title":"Verslui - ADDED VALUE","og_description":"\u201eAdded Value\u201c \u2013 licencijuota buhalterin\u0117s apskaitos ir audito \u012fmon\u0117, teikianti profesionalias paslaugas, [&hellip;]","og_url":"https:\/\/addedvalue.lt\/en\/verslui\/verslui-2\/","og_site_name":"ADDED VALUE","article_modified_time":"2025-04-16T21:28:58+00:00","twitter_card":"summary_large_image","twitter_misc":{"Est. reading time":"3 minutes"},"schema":{"@context":"https:\/\/schema.org","@graph":[{"@type":"WebPage","@id":"https:\/\/addedvalue.lt\/verslui\/verslui-2\/","url":"https:\/\/addedvalue.lt\/verslui\/verslui-2\/","name":"Verslui - ADDED VALUE","isPartOf":{"@id":"https:\/\/addedvalue.lt\/#website"},"datePublished":"2025-04-13T21:16:38+00:00","dateModified":"2025-04-16T21:28:58+00:00","breadcrumb":{"@id":"https:\/\/addedvalue.lt\/verslui\/verslui-2\/#breadcrumb"},"inLanguage":"en-US","potentialAction":[{"@type":"ReadAction","target":["https:\/\/addedvalue.lt\/verslui\/verslui-2\/"]}]},{"@type":"BreadcrumbList","@id":"https:\/\/addedvalue.lt\/verslui\/verslui-2\/#breadcrumb","itemListElement":[{"@type":"ListItem","position":1,"name":"Home","item":"https:\/\/addedvalue.lt\/"},{"@type":"ListItem","position":2,"name":"Verslui","item":"https:\/\/addedvalue.lt\/verslui\/"},{"@type":"ListItem","position":3,"name":"Verslui"}]},{"@type":"WebSite","@id":"https:\/\/addedvalue.lt\/#website","url":"https:\/\/addedvalue.lt\/","name":"ADDED VALUE","description":"","potentialAction":[{"@type":"SearchAction","target":{"@type":"EntryPoint","urlTemplate":"https:\/\/addedvalue.lt\/?s={search_term_string}"},"query-input":{"@type":"PropertyValueSpecification","valueRequired":true,"valueName":"search_term_string"}}],"inLanguage":"en-US"}]}},"_links":{"self":[{"href":"https:\/\/addedvalue.lt\/en\/wp-json\/wp\/v2\/pages\/1340","targetHints":{"allow":["GET"]}}],"collection":[{"href":"https:\/\/addedvalue.lt\/en\/wp-json\/wp\/v2\/pages"}],"about":[{"href":"https:\/\/addedvalue.lt\/en\/wp-json\/wp\/v2\/types\/page"}],"author":[{"embeddable":true,"href":"https:\/\/addedvalue.lt\/en\/wp-json\/wp\/v2\/users\/1"}],"replies":[{"embeddable":true,"href":"https:\/\/addedvalue.lt\/en\/wp-json\/wp\/v2\/comments?post=1340"}],"version-history":[{"count":28,"href":"https:\/\/addedvalue.lt\/en\/wp-json\/wp\/v2\/pages\/1340\/revisions"}],"predecessor-version":[{"id":1986,"href":"https:\/\/addedvalue.lt\/en\/wp-json\/wp\/v2\/pages\/1340\/revisions\/1986"}],"up":[{"embeddable":true,"href":"https:\/\/addedvalue.lt\/en\/wp-json\/wp\/v2\/pages\/1297"}],"wp:attachment":[{"href":"https:\/\/addedvalue.lt\/en\/wp-json\/wp\/v2\/media?parent=1340"}],"curies":[{"name":"wp","href":"https:\/\/api.w.org\/{rel}","templated":true}]}}