{"id":1286,"date":"2025-04-13T21:20:42","date_gmt":"2025-04-13T20:20:42","guid":{"rendered":"https:\/\/addedvalue.lt\/?page_id=1286"},"modified":"2025-09-16T14:27:04","modified_gmt":"2025-09-16T13:27:04","slug":"teisines-paslaugos","status":"publish","type":"page","link":"https:\/\/addedvalue.lt\/en\/teisines-paslaugos\/","title":{"rendered":"Legal services"},"content":{"rendered":"<div data-elementor-type=\"wp-page\" data-elementor-id=\"1286\" class=\"elementor elementor-1286\" data-elementor-settings=\"{&quot;element_pack_global_tooltip_width&quot;:{&quot;unit&quot;:&quot;px&quot;,&quot;size&quot;:&quot;&quot;,&quot;sizes&quot;:[]},&quot;element_pack_global_tooltip_width_tablet&quot;:{&quot;unit&quot;:&quot;px&quot;,&quot;size&quot;:&quot;&quot;,&quot;sizes&quot;:[]},&quot;element_pack_global_tooltip_width_mobile&quot;:{&quot;unit&quot;:&quot;px&quot;,&quot;size&quot;:&quot;&quot;,&quot;sizes&quot;:[]},&quot;element_pack_global_tooltip_padding&quot;:{&quot;unit&quot;:&quot;px&quot;,&quot;top&quot;:&quot;&quot;,&quot;right&quot;:&quot;&quot;,&quot;bottom&quot;:&quot;&quot;,&quot;left&quot;:&quot;&quot;,&quot;isLinked&quot;:true},&quot;element_pack_global_tooltip_padding_tablet&quot;:{&quot;unit&quot;:&quot;px&quot;,&quot;top&quot;:&quot;&quot;,&quot;right&quot;:&quot;&quot;,&quot;bottom&quot;:&quot;&quot;,&quot;left&quot;:&quot;&quot;,&quot;isLinked&quot;:true},&quot;element_pack_global_tooltip_padding_mobile&quot;:{&quot;unit&quot;:&quot;px&quot;,&quot;top&quot;:&quot;&quot;,&quot;right&quot;:&quot;&quot;,&quot;bottom&quot;:&quot;&quot;,&quot;left&quot;:&quot;&quot;,&quot;isLinked&quot;:true},&quot;element_pack_global_tooltip_border_radius&quot;:{&quot;unit&quot;:&quot;px&quot;,&quot;top&quot;:&quot;&quot;,&quot;right&quot;:&quot;&quot;,&quot;bottom&quot;:&quot;&quot;,&quot;left&quot;:&quot;&quot;,&quot;isLinked&quot;:true},&quot;element_pack_global_tooltip_border_radius_tablet&quot;:{&quot;unit&quot;:&quot;px&quot;,&quot;top&quot;:&quot;&quot;,&quot;right&quot;:&quot;&quot;,&quot;bottom&quot;:&quot;&quot;,&quot;left&quot;:&quot;&quot;,&quot;isLinked&quot;:true},&quot;element_pack_global_tooltip_border_radius_mobile&quot;:{&quot;unit&quot;:&quot;px&quot;,&quot;top&quot;:&quot;&quot;,&quot;right&quot;:&quot;&quot;,&quot;bottom&quot;:&quot;&quot;,&quot;left&quot;:&quot;&quot;,&quot;isLinked&quot;:true}}\" data-elementor-post-type=\"page\">\n\t\t\t\t<div class=\"elementor-element elementor-element-78349c6 e-flex e-con-boxed e-con e-parent\" data-id=\"78349c6\" data-element_type=\"container\" data-settings=\"{&quot;background_background&quot;:&quot;classic&quot;}\">\n\t\t\t\t\t<div class=\"e-con-inner\">\n\t\t\t\t<div class=\"elementor-element elementor-element-4c00511 elementor-widget__width-initial elementor-widget elementor-widget-text-editor\" data-id=\"4c00511\" data-element_type=\"widget\" data-widget_type=\"text-editor.default\">\n\t\t\t\t<div class=\"elementor-widget-container\">\n\t\t\t\t\t\t\t\t\t<p>Their activities in support of continuous improvement, the principle of &#034;Added Value&#034; is provided by the tax planning and specialized legal advice services.<\/p>\t\t\t\t\t\t\t\t<\/div>\n\t\t\t\t<\/div>\n\t\t\t\t<div class=\"elementor-element elementor-element-d4ef9ad elementor-align-left elementor-mobile-align-center elementor-widget elementor-widget-button\" data-id=\"d4ef9ad\" data-element_type=\"widget\" data-widget_type=\"button.default\">\n\t\t\t\t<div class=\"elementor-widget-container\">\n\t\t\t\t\t\t\t\t\t<div class=\"elementor-button-wrapper\">\n\t\t\t\t\t<a class=\"elementor-button elementor-button-link elementor-size-sm\" href=\"#elementor-action%3Aaction%3Dpopup%3Aopen%26settings%3DeyJpZCI6IjE4NTkiLCJ0b2dnbGUiOmZhbHNlfQ%3D%3D\">\n\t\t\t\t\t\t<span class=\"elementor-button-content-wrapper\">\n\t\t\t\t\t\t\t\t\t<span class=\"elementor-button-text\">Contact<\/span>\n\t\t\t\t\t<\/span>\n\t\t\t\t\t<\/a>\n\t\t\t\t<\/div>\n\t\t\t\t\t\t\t\t<\/div>\n\t\t\t\t<\/div>\n\t\t\t\t\t<\/div>\n\t\t\t\t<\/div>\n\t\t<div class=\"elementor-element elementor-element-fcc6727 e-flex e-con-boxed e-con e-parent\" data-id=\"fcc6727\" data-element_type=\"container\">\n\t\t\t\t\t<div class=\"e-con-inner\">\n\t\t<div class=\"elementor-element elementor-element-0d433a3 e-con-full e-flex e-con e-child\" data-id=\"0d433a3\" data-element_type=\"container\" data-settings=\"{&quot;background_background&quot;:&quot;classic&quot;}\">\n\t\t\t\t<div class=\"elementor-element elementor-element-5b6680b elementor-widget elementor-widget-heading\" data-id=\"5b6680b\" data-element_type=\"widget\" data-widget_type=\"heading.default\">\n\t\t\t\t<div class=\"elementor-widget-container\">\n\t\t\t\t\t<h2 class=\"elementor-heading-title elementor-size-default\">Legal services<\/h2>\t\t\t\t<\/div>\n\t\t\t\t<\/div>\n\t\t\t\t<div class=\"elementor-element elementor-element-05fc19e elementor-widget elementor-widget-text-editor\" data-id=\"05fc19e\" data-element_type=\"widget\" data-widget_type=\"text-editor.default\">\n\t\t\t\t<div class=\"elementor-widget-container\">\n\t\t\t\t\t\t\t\t\t<p>Individual business challenges solution \u2013 the &#034;Added Value&#034; of the value added generated in the part. Adapted innovative legal tools to control the company&#039;s tax liabilities, guarantees the ability to access legal and financial business information from any location data in the cloud. That the company&#039;s finances are managed in a safer and more comfortable.<br \/><br \/>More efficient business processes and controls ensure the provision of the following services:<\/p>\t\t\t\t\t\t\t\t<\/div>\n\t\t\t\t<\/div>\n\t\t\t\t<\/div>\n\t\t<div class=\"elementor-element elementor-element-1e49034 e-con-full e-flex e-con e-child\" data-id=\"1e49034\" data-element_type=\"container\" data-settings=\"{&quot;background_background&quot;:&quot;classic&quot;}\">\n\t\t\t\t<div class=\"elementor-element elementor-element-4497baa elementor-widget elementor-widget-text-editor\" data-id=\"4497baa\" data-element_type=\"widget\" data-widget_type=\"text-editor.default\">\n\t\t\t\t<div class=\"elementor-widget-container\">\n\t\t\t\t\t\t\t\t\t<ul><li>legal persons the reorganisation and winding-up.a tax calculation, planning and consultation;<\/li><li>enterprises and natural persons representation in tax disputes;<\/li><li>tax audit and legal audit;<\/li><li>establishment and liquidation services;<\/li><li>the reorganisation of the conditions of preparation;<br \/>the reorganisation projects in terms of assessment;<\/li><li>expertise and representation \u016bkin\u0117se-financial, tax disputes and insolvency matters;<\/li><li>contracts preparation;<\/li><\/ul>\t\t\t\t\t\t\t\t<\/div>\n\t\t\t\t<\/div>\n\t\t\t\t<\/div>\n\t\t\t\t\t<\/div>\n\t\t\t\t<\/div>\n\t\t<div class=\"elementor-element elementor-element-4454445 e-flex e-con-boxed e-con e-child\" data-id=\"4454445\" data-element_type=\"container\">\n\t\t\t\t\t<div class=\"e-con-inner\">\n\t\t\t\t<div class=\"elementor-element elementor-element-fa94ded elementor-widget elementor-widget-text-editor\" data-id=\"fa94ded\" data-element_type=\"widget\" data-widget_type=\"text-editor.default\">\n\t\t\t\t<div class=\"elementor-widget-container\">\n\t\t\t\t\t\t\t\t\t<p>need HELP?<\/p>\t\t\t\t\t\t\t\t<\/div>\n\t\t\t\t<\/div>\n\t\t\t\t<div class=\"elementor-element elementor-element-93b0485 elementor-widget__width-initial elementor-widget elementor-widget-text-editor\" data-id=\"93b0485\" data-element_type=\"widget\" data-widget_type=\"text-editor.default\">\n\t\t\t\t<div class=\"elementor-widget-container\">\n\t\t\t\t\t\t\t\t\t<p>Professional specialists will respond to all your questions. We have the experience and knowledge, so we will share our and we&#039;ll advise you!<\/p>\t\t\t\t\t\t\t\t<\/div>\n\t\t\t\t<\/div>\n\t\t\t\t<div class=\"elementor-element elementor-element-c110615 elementor-align-center elementor-widget elementor-widget-button\" data-id=\"c110615\" data-element_type=\"widget\" data-widget_type=\"button.default\">\n\t\t\t\t<div class=\"elementor-widget-container\">\n\t\t\t\t\t\t\t\t\t<div class=\"elementor-button-wrapper\">\n\t\t\t\t\t<a class=\"elementor-button elementor-button-link elementor-size-sm\" href=\"#elementor-action%3Aaction%3Dpopup%3Aopen%26settings%3DeyJpZCI6IjE4NTkiLCJ0b2dnbGUiOmZhbHNlfQ%3D%3D\">\n\t\t\t\t\t\t<span class=\"elementor-button-content-wrapper\">\n\t\t\t\t\t\t\t\t\t<span class=\"elementor-button-text\">Contact<\/span>\n\t\t\t\t\t<\/span>\n\t\t\t\t\t<\/a>\n\t\t\t\t<\/div>\n\t\t\t\t\t\t\t\t<\/div>\n\t\t\t\t<\/div>\n\t\t\t\t\t<\/div>\n\t\t\t\t<\/div>\n\t\t\t\t<\/div>","protected":false},"excerpt":{"rendered":"<p>Savo veikl\u0105 gr\u012fsdama nuolatin\u0117s pa\u017eangos principu, \u201eAdded Value\u201c teikia mokes\u010di\u0173 planavimo ir [&hellip;]<\/p>","protected":false},"author":1,"featured_media":0,"parent":0,"menu_order":0,"comment_status":"closed","ping_status":"closed","template":"","meta":{"footnotes":""},"class_list":["post-1286","page","type-page","status-publish","hentry"],"yoast_head":"<!-- This site is optimized with the Yoast SEO plugin v25.9 - https:\/\/yoast.com\/wordpress\/plugins\/seo\/ -->\n<title>Teisin\u0117s paslaugos ir mokes\u010di\u0173 planavimas Vilniuje | Added Value<\/title>\n<meta name=\"description\" content=\"Si\u016blome teisines konsultacijas ir mokes\u010di\u0173 planavim\u0105. \u201eAdded Value\u201c \u2013 patikimas partneris verslui, ie\u0161kan\u010diam profesionali\u0173 ir individuali\u0173 sprendim\u0173.\" \/>\n<meta name=\"robots\" content=\"index, follow, max-snippet:-1, max-image-preview:large, max-video-preview:-1\" \/>\n<link rel=\"canonical\" href=\"https:\/\/addedvalue.lt\/en\/teisines-paslaugos\/\" \/>\n<meta property=\"og:locale\" content=\"en_US\" \/>\n<meta property=\"og:type\" content=\"article\" \/>\n<meta property=\"og:title\" content=\"Teisin\u0117s paslaugos ir mokes\u010di\u0173 planavimas Vilniuje | Added Value\" \/>\n<meta property=\"og:description\" content=\"Si\u016blome teisines konsultacijas ir mokes\u010di\u0173 planavim\u0105. \u201eAdded Value\u201c \u2013 patikimas partneris verslui, ie\u0161kan\u010diam profesionali\u0173 ir individuali\u0173 sprendim\u0173.\" \/>\n<meta property=\"og:url\" content=\"https:\/\/addedvalue.lt\/en\/teisines-paslaugos\/\" \/>\n<meta property=\"og:site_name\" content=\"ADDED VALUE\" \/>\n<meta property=\"article:modified_time\" content=\"2025-09-16T13:27:04+00:00\" \/>\n<meta name=\"twitter:card\" content=\"summary_large_image\" \/>\n<meta name=\"twitter:label1\" content=\"Est. reading time\" \/>\n\t<meta name=\"twitter:data1\" content=\"1 minute\" \/>\n<script type=\"application\/ld+json\" class=\"yoast-schema-graph\">{\"@context\":\"https:\/\/schema.org\",\"@graph\":[{\"@type\":\"WebPage\",\"@id\":\"https:\/\/addedvalue.lt\/teisines-paslaugos\/\",\"url\":\"https:\/\/addedvalue.lt\/teisines-paslaugos\/\",\"name\":\"Teisin\u0117s paslaugos ir mokes\u010di\u0173 planavimas Vilniuje | Added Value\",\"isPartOf\":{\"@id\":\"https:\/\/addedvalue.lt\/#website\"},\"datePublished\":\"2025-04-13T20:20:42+00:00\",\"dateModified\":\"2025-09-16T13:27:04+00:00\",\"description\":\"Si\u016blome teisines konsultacijas ir mokes\u010di\u0173 planavim\u0105. \u201eAdded Value\u201c \u2013 patikimas partneris verslui, ie\u0161kan\u010diam profesionali\u0173 ir individuali\u0173 sprendim\u0173.\",\"breadcrumb\":{\"@id\":\"https:\/\/addedvalue.lt\/teisines-paslaugos\/#breadcrumb\"},\"inLanguage\":\"en-US\",\"potentialAction\":[{\"@type\":\"ReadAction\",\"target\":[\"https:\/\/addedvalue.lt\/teisines-paslaugos\/\"]}]},{\"@type\":\"BreadcrumbList\",\"@id\":\"https:\/\/addedvalue.lt\/teisines-paslaugos\/#breadcrumb\",\"itemListElement\":[{\"@type\":\"ListItem\",\"position\":1,\"name\":\"Home\",\"item\":\"https:\/\/addedvalue.lt\/\"},{\"@type\":\"ListItem\",\"position\":2,\"name\":\"Teisin\u0117s paslaugos\"}]},{\"@type\":\"WebSite\",\"@id\":\"https:\/\/addedvalue.lt\/#website\",\"url\":\"https:\/\/addedvalue.lt\/\",\"name\":\"ADDED VALUE\",\"description\":\"\",\"potentialAction\":[{\"@type\":\"SearchAction\",\"target\":{\"@type\":\"EntryPoint\",\"urlTemplate\":\"https:\/\/addedvalue.lt\/?s={search_term_string}\"},\"query-input\":{\"@type\":\"PropertyValueSpecification\",\"valueRequired\":true,\"valueName\":\"search_term_string\"}}],\"inLanguage\":\"en-US\"}]}<\/script>\n<!-- \/ Yoast SEO plugin. -->","yoast_head_json":{"title":"Teisin\u0117s paslaugos ir mokes\u010di\u0173 planavimas Vilniuje | Added Value","description":"Si\u016blome teisines konsultacijas ir mokes\u010di\u0173 planavim\u0105. \u201eAdded Value\u201c \u2013 patikimas partneris verslui, ie\u0161kan\u010diam profesionali\u0173 ir individuali\u0173 sprendim\u0173.","robots":{"index":"index","follow":"follow","max-snippet":"max-snippet:-1","max-image-preview":"max-image-preview:large","max-video-preview":"max-video-preview:-1"},"canonical":"https:\/\/addedvalue.lt\/en\/teisines-paslaugos\/","og_locale":"en_US","og_type":"article","og_title":"Teisin\u0117s paslaugos ir mokes\u010di\u0173 planavimas Vilniuje | Added Value","og_description":"Si\u016blome teisines konsultacijas ir mokes\u010di\u0173 planavim\u0105. \u201eAdded Value\u201c \u2013 patikimas partneris verslui, ie\u0161kan\u010diam profesionali\u0173 ir individuali\u0173 sprendim\u0173.","og_url":"https:\/\/addedvalue.lt\/en\/teisines-paslaugos\/","og_site_name":"ADDED VALUE","article_modified_time":"2025-09-16T13:27:04+00:00","twitter_card":"summary_large_image","twitter_misc":{"Est. reading time":"1 minute"},"schema":{"@context":"https:\/\/schema.org","@graph":[{"@type":"WebPage","@id":"https:\/\/addedvalue.lt\/teisines-paslaugos\/","url":"https:\/\/addedvalue.lt\/teisines-paslaugos\/","name":"Teisin\u0117s paslaugos ir mokes\u010di\u0173 planavimas Vilniuje | Added Value","isPartOf":{"@id":"https:\/\/addedvalue.lt\/#website"},"datePublished":"2025-04-13T20:20:42+00:00","dateModified":"2025-09-16T13:27:04+00:00","description":"Si\u016blome teisines konsultacijas ir mokes\u010di\u0173 planavim\u0105. \u201eAdded Value\u201c \u2013 patikimas partneris verslui, ie\u0161kan\u010diam profesionali\u0173 ir individuali\u0173 sprendim\u0173.","breadcrumb":{"@id":"https:\/\/addedvalue.lt\/teisines-paslaugos\/#breadcrumb"},"inLanguage":"en-US","potentialAction":[{"@type":"ReadAction","target":["https:\/\/addedvalue.lt\/teisines-paslaugos\/"]}]},{"@type":"BreadcrumbList","@id":"https:\/\/addedvalue.lt\/teisines-paslaugos\/#breadcrumb","itemListElement":[{"@type":"ListItem","position":1,"name":"Home","item":"https:\/\/addedvalue.lt\/"},{"@type":"ListItem","position":2,"name":"Teisin\u0117s paslaugos"}]},{"@type":"WebSite","@id":"https:\/\/addedvalue.lt\/#website","url":"https:\/\/addedvalue.lt\/","name":"ADDED VALUE","description":"","potentialAction":[{"@type":"SearchAction","target":{"@type":"EntryPoint","urlTemplate":"https:\/\/addedvalue.lt\/?s={search_term_string}"},"query-input":{"@type":"PropertyValueSpecification","valueRequired":true,"valueName":"search_term_string"}}],"inLanguage":"en-US"}]}},"_links":{"self":[{"href":"https:\/\/addedvalue.lt\/en\/wp-json\/wp\/v2\/pages\/1286","targetHints":{"allow":["GET"]}}],"collection":[{"href":"https:\/\/addedvalue.lt\/en\/wp-json\/wp\/v2\/pages"}],"about":[{"href":"https:\/\/addedvalue.lt\/en\/wp-json\/wp\/v2\/types\/page"}],"author":[{"embeddable":true,"href":"https:\/\/addedvalue.lt\/en\/wp-json\/wp\/v2\/users\/1"}],"replies":[{"embeddable":true,"href":"https:\/\/addedvalue.lt\/en\/wp-json\/wp\/v2\/comments?post=1286"}],"version-history":[{"count":22,"href":"https:\/\/addedvalue.lt\/en\/wp-json\/wp\/v2\/pages\/1286\/revisions"}],"predecessor-version":[{"id":2008,"href":"https:\/\/addedvalue.lt\/en\/wp-json\/wp\/v2\/pages\/1286\/revisions\/2008"}],"wp:attachment":[{"href":"https:\/\/addedvalue.lt\/en\/wp-json\/wp\/v2\/media?parent=1286"}],"curies":[{"name":"wp","href":"https:\/\/api.w.org\/{rel}","templated":true}]}}