{"id":1252,"date":"2025-04-13T19:51:01","date_gmt":"2025-04-13T18:51:01","guid":{"rendered":"https:\/\/addedvalue.lt\/?page_id=1252"},"modified":"2025-09-16T14:11:56","modified_gmt":"2025-09-16T13:11:56","slug":"auditas","status":"publish","type":"page","link":"https:\/\/addedvalue.lt\/en\/auditas\/","title":{"rendered":"Audit"},"content":{"rendered":"<div data-elementor-type=\"wp-page\" data-elementor-id=\"1252\" class=\"elementor elementor-1252\" data-elementor-settings=\"{&quot;element_pack_global_tooltip_width&quot;:{&quot;unit&quot;:&quot;px&quot;,&quot;size&quot;:&quot;&quot;,&quot;sizes&quot;:[]},&quot;element_pack_global_tooltip_width_tablet&quot;:{&quot;unit&quot;:&quot;px&quot;,&quot;size&quot;:&quot;&quot;,&quot;sizes&quot;:[]},&quot;element_pack_global_tooltip_width_mobile&quot;:{&quot;unit&quot;:&quot;px&quot;,&quot;size&quot;:&quot;&quot;,&quot;sizes&quot;:[]},&quot;element_pack_global_tooltip_padding&quot;:{&quot;unit&quot;:&quot;px&quot;,&quot;top&quot;:&quot;&quot;,&quot;right&quot;:&quot;&quot;,&quot;bottom&quot;:&quot;&quot;,&quot;left&quot;:&quot;&quot;,&quot;isLinked&quot;:true},&quot;element_pack_global_tooltip_padding_tablet&quot;:{&quot;unit&quot;:&quot;px&quot;,&quot;top&quot;:&quot;&quot;,&quot;right&quot;:&quot;&quot;,&quot;bottom&quot;:&quot;&quot;,&quot;left&quot;:&quot;&quot;,&quot;isLinked&quot;:true},&quot;element_pack_global_tooltip_padding_mobile&quot;:{&quot;unit&quot;:&quot;px&quot;,&quot;top&quot;:&quot;&quot;,&quot;right&quot;:&quot;&quot;,&quot;bottom&quot;:&quot;&quot;,&quot;left&quot;:&quot;&quot;,&quot;isLinked&quot;:true},&quot;element_pack_global_tooltip_border_radius&quot;:{&quot;unit&quot;:&quot;px&quot;,&quot;top&quot;:&quot;&quot;,&quot;right&quot;:&quot;&quot;,&quot;bottom&quot;:&quot;&quot;,&quot;left&quot;:&quot;&quot;,&quot;isLinked&quot;:true},&quot;element_pack_global_tooltip_border_radius_tablet&quot;:{&quot;unit&quot;:&quot;px&quot;,&quot;top&quot;:&quot;&quot;,&quot;right&quot;:&quot;&quot;,&quot;bottom&quot;:&quot;&quot;,&quot;left&quot;:&quot;&quot;,&quot;isLinked&quot;:true},&quot;element_pack_global_tooltip_border_radius_mobile&quot;:{&quot;unit&quot;:&quot;px&quot;,&quot;top&quot;:&quot;&quot;,&quot;right&quot;:&quot;&quot;,&quot;bottom&quot;:&quot;&quot;,&quot;left&quot;:&quot;&quot;,&quot;isLinked&quot;:true}}\" data-elementor-post-type=\"page\">\n\t\t\t\t<div class=\"elementor-element elementor-element-78349c6 e-flex e-con-boxed e-con e-parent\" data-id=\"78349c6\" data-element_type=\"container\" data-settings=\"{&quot;background_background&quot;:&quot;classic&quot;}\">\n\t\t\t\t\t<div class=\"e-con-inner\">\n\t\t\t\t<div class=\"elementor-element elementor-element-4c00511 elementor-widget__width-initial elementor-widget elementor-widget-text-editor\" data-id=\"4c00511\" data-element_type=\"widget\" data-widget_type=\"text-editor.default\">\n\t\t\t\t<div class=\"elementor-widget-container\">\n\t\t\t\t\t\t\t\t\t<p>Constantly changing legislation and the business increases the error probability of the risk, so without the court not to be no viable business. The main objective of the audit is to assess whether the financial statements, in all respects fair view of the audited company&#039;s financial position, financial performance and is prepared in accordance with the applicable standards.<\/p>\t\t\t\t\t\t\t\t<\/div>\n\t\t\t\t<\/div>\n\t\t\t\t<div class=\"elementor-element elementor-element-0ea35d9 elementor-align-left elementor-mobile-align-center elementor-widget elementor-widget-button\" data-id=\"0ea35d9\" data-element_type=\"widget\" data-widget_type=\"button.default\">\n\t\t\t\t<div class=\"elementor-widget-container\">\n\t\t\t\t\t\t\t\t\t<div class=\"elementor-button-wrapper\">\n\t\t\t\t\t<a class=\"elementor-button elementor-button-link elementor-size-sm\" href=\"#elementor-action%3Aaction%3Dpopup%3Aopen%26settings%3DeyJpZCI6IjE4NTkiLCJ0b2dnbGUiOmZhbHNlfQ%3D%3D\">\n\t\t\t\t\t\t<span class=\"elementor-button-content-wrapper\">\n\t\t\t\t\t\t\t\t\t<span class=\"elementor-button-text\">Contact<\/span>\n\t\t\t\t\t<\/span>\n\t\t\t\t\t<\/a>\n\t\t\t\t<\/div>\n\t\t\t\t\t\t\t\t<\/div>\n\t\t\t\t<\/div>\n\t\t\t\t\t<\/div>\n\t\t\t\t<\/div>\n\t\t<div class=\"elementor-element elementor-element-7c4fed3 e-flex e-con-boxed e-con e-parent\" data-id=\"7c4fed3\" data-element_type=\"container\">\n\t\t\t\t\t<div class=\"e-con-inner\">\n\t\t\t\t<div class=\"elementor-element elementor-element-940963d elementor-widget elementor-widget-text-editor\" data-id=\"940963d\" data-element_type=\"widget\" data-widget_type=\"text-editor.default\">\n\t\t\t\t<div class=\"elementor-widget-container\">\n\t\t\t\t\t\t\t\t\t<p>Presented by the conclusion of the audit gives the pounds of argument not only the negotiation of more favourable trade or credit conditions, but also in finding new partners, customer \u2013 provided information to form a reliable impression of financial statement users, as Lithuania, foreign investors or banks really important for the company&#039;s reliability and solvency. Business leaders also want to conduct audits as necessary to ensure the company&#039;s financial status of the trust or settling property disputes between businesses. Also it is important and significant in the operations associated with the asset-sharing and use, and in order to better organise the accounting, internal controls, improve the management system. So, audits, enterprise initiative, is most commonly performed in order to verify the veracity of financial statements and documents regularity.<br \/><br \/>In particular, the planning of certain of the company audit is to establish specific audit objectives and begin to collect the necessary information. What data is needed \u2013 determine the auditor. The whole process includes seven steps: the audit strategy \u2013 the most important stage during which establishes audit objectives, policies, volumes, getting acquainted with the activity of the company plan, the materials of the collection, verification, conclusion, a final check.<\/p>\t\t\t\t\t\t\t\t<\/div>\n\t\t\t\t<\/div>\n\t\t\t\t\t<\/div>\n\t\t\t\t<\/div>\n\t\t<div class=\"elementor-element elementor-element-fcc6727 e-flex e-con-boxed e-con e-parent\" data-id=\"fcc6727\" data-element_type=\"container\">\n\t\t\t\t\t<div class=\"e-con-inner\">\n\t\t<div class=\"elementor-element elementor-element-0d433a3 e-con-full e-flex e-con e-child\" data-id=\"0d433a3\" data-element_type=\"container\">\n\t\t\t\t<div class=\"elementor-element elementor-element-95f431b elementor-widget elementor-widget-heading\" data-id=\"95f431b\" data-element_type=\"widget\" data-widget_type=\"heading.default\">\n\t\t\t\t<div class=\"elementor-widget-container\">\n\t\t\t\t\t<h2 class=\"elementor-heading-title elementor-size-default\">Why should perform the audit?<\/h2>\t\t\t\t<\/div>\n\t\t\t\t<\/div>\n\t\t\t\t<\/div>\n\t\t<div class=\"elementor-element elementor-element-1e49034 e-con-full e-flex e-con e-child\" data-id=\"1e49034\" data-element_type=\"container\" data-settings=\"{&quot;background_background&quot;:&quot;classic&quot;}\">\n\t\t\t\t<div class=\"elementor-element elementor-element-4497baa elementor-widget elementor-widget-text-editor\" data-id=\"4497baa\" data-element_type=\"widget\" data-widget_type=\"text-editor.default\">\n\t\t\t\t<div class=\"elementor-widget-container\">\n\t\t\t\t\t\t\t\t\t<p>Audit it&#039;s worth doing, even if it is firm and not binding. Most importantly, choose a reliable and professional audit services provide professionals who are auditing the company and which the consultation will be significant and, of course, useful. It is worth to pay attention not only to the price of the services, but also to the competence of the employees, the company creditworthiness and profits and experience, so the Added Value of the audit service and advice for Your business \u2013 wise choice. We evaluate the real Your company&#039;s financial condition, to guarantee the expertise of the audit specialist care, we identify financial risks and provide recommendations. More control, more convenient to business processes and performance monitoring, enhanced met international financial reporting standards that Your business know when to expand and when to step back and persigrupuoti.<\/p><p><strong>Value is added in the following areas:<\/strong><\/p><ul><li>the financial statements and the consolidated financial statements of the audit;<\/li><li>EU structural funds audit;<\/li><li>financial statements for lookup;<\/li><li>revision and the other for Your business advancement of the required procedures.<\/li><\/ul>\t\t\t\t\t\t\t\t<\/div>\n\t\t\t\t<\/div>\n\t\t\t\t<\/div>\n\t\t\t\t\t<\/div>\n\t\t\t\t<\/div>\n\t\t<div class=\"elementor-element elementor-element-919183b e-flex e-con-boxed e-con e-child\" data-id=\"919183b\" data-element_type=\"container\" data-settings=\"{&quot;background_background&quot;:&quot;classic&quot;}\">\n\t\t\t\t\t<div class=\"e-con-inner\">\n\t\t<div class=\"elementor-element elementor-element-21c39b7 e-con-full e-flex e-con e-child\" data-id=\"21c39b7\" data-element_type=\"container\" data-settings=\"{&quot;background_background&quot;:&quot;classic&quot;}\">\n\t\t\t\t<div class=\"elementor-element elementor-element-a11ef22 elementor-widget elementor-widget-heading\" data-id=\"a11ef22\" data-element_type=\"widget\" data-widget_type=\"heading.default\">\n\t\t\t\t<div class=\"elementor-widget-container\">\n\t\t\t\t\t<h2 class=\"elementor-heading-title elementor-size-default\">jsc audit<\/h2>\t\t\t\t<\/div>\n\t\t\t\t<\/div>\n\t\t\t\t<div class=\"elementor-element elementor-element-3d7b877 elementor-widget elementor-widget-text-editor\" data-id=\"3d7b877\" data-element_type=\"widget\" data-widget_type=\"text-editor.default\">\n\t\t\t\t<div class=\"elementor-widget-container\">\n\t\t\t\t\t\t\t\t\t<p>JSC audit of financial statements examination, when checked the company for a certain period balance sheet, cash flow, profit and loss and other reports. During the audit, it is determined whether all the mentioned report concluded correctly, or shows the actual financial standing of the company. The audit is mandatory for companies which two of the three indicators exceeded the financial year on the last day of \u2013 number of 50, the assets of \u20ac 1.8 million. Eur, income of eur 3.5 million. Eur.<br \/><br \/>In order to UAB audit of the last successful businesses it is important that financial operations and all other related documents be processed fairly, lawfully and securely, so the private company accounting policies must manage only the high competence of the specialists, such as accountants. UAB accounting must meet all the business accounting standards, the law on accounting and financial reporting of Companies act. UAB is the most popular activity in Lithuania, so the tax and accounting aspects of the focus. The JSC shall annually prepare its financial statements and to submit it to the HR center of Registers.<\/p>\t\t\t\t\t\t\t\t<\/div>\n\t\t\t\t<\/div>\n\t\t\t\t<\/div>\n\t\t<div class=\"elementor-element elementor-element-3d6b3ae e-con-full e-flex e-con e-child\" data-id=\"3d6b3ae\" data-element_type=\"container\" data-settings=\"{&quot;background_background&quot;:&quot;classic&quot;}\">\n\t\t\t\t<div class=\"elementor-element elementor-element-6d52ac1 elementor-widget elementor-widget-heading\" data-id=\"6d52ac1\" data-element_type=\"widget\" data-widget_type=\"heading.default\">\n\t\t\t\t<div class=\"elementor-widget-container\">\n\t\t\t\t\t<h2 class=\"elementor-heading-title elementor-size-default\">Financial Audit<\/h2>\t\t\t\t<\/div>\n\t\t\t\t<\/div>\n\t\t\t\t<div class=\"elementor-element elementor-element-ae134bf elementor-widget elementor-widget-text-editor\" data-id=\"ae134bf\" data-element_type=\"widget\" data-widget_type=\"text-editor.default\">\n\t\t\t\t<div class=\"elementor-widget-container\">\n\t\t\t\t\t\t\t\t\t<p>A financial audit is independent of the audited entity financial statements of the check and the auditor&#039;s conclusions of the presentation, in accordance with the legislation governing the audit of financial statements the performance of the requirement. The main objective of this audit is to determine whether the financial statements in all cases shows the audited company&#039;s financial position, financial performance and cash flows in accordance with the law on accounting and financial reporting. This audit shall be checked during the company&#039;s financial reporting validity, income and expenses.<br \/><br \/>In a financial audit of the important financial statements of the information contained in, and focus on the risks identified.<br \/><br \/>Financial audit is conducted to provide a certain level of assurance. The main objective of the reliability of the audit objective \u2013 determine whether in accordance with the applicable financial reporting framework in the financial statements in all material respects, fairly presented of the year, the financial position, results and cash flows. The annual financial statements comprise the financial statements, comprising the balance sheet, income statement, cash flow statement, statement of changes in equity, the financial statements shall be accompanied by explanatory notes, and etc.<\/p>\t\t\t\t\t\t\t\t<\/div>\n\t\t\t\t<\/div>\n\t\t\t\t<\/div>\n\t\t\t\t\t<\/div>\n\t\t\t\t<\/div>\n\t\t<div class=\"elementor-element elementor-element-4454445 e-flex e-con-boxed e-con e-child\" data-id=\"4454445\" data-element_type=\"container\">\n\t\t\t\t\t<div class=\"e-con-inner\">\n\t\t\t\t<div class=\"elementor-element elementor-element-fa94ded elementor-widget elementor-widget-text-editor\" data-id=\"fa94ded\" data-element_type=\"widget\" data-widget_type=\"text-editor.default\">\n\t\t\t\t<div class=\"elementor-widget-container\">\n\t\t\t\t\t\t\t\t\t<p>Appreciate your business<br \/>help now!<\/p>\t\t\t\t\t\t\t\t<\/div>\n\t\t\t\t<\/div>\n\t\t\t\t<div class=\"elementor-element elementor-element-93b0485 elementor-widget__width-initial elementor-widget elementor-widget-text-editor\" data-id=\"93b0485\" data-element_type=\"widget\" data-widget_type=\"text-editor.default\">\n\t\t\t\t<div class=\"elementor-widget-container\">\n\t\t\t\t\t\t\t\t\t<p>The Added Value of the audit and corporate accounting team have experience not only in accounting enforcement, and audit in the field, so we can timely notice Your mistakes and avoid them. Your job we carry out a qualitative, so the answer but which triggered the question, rekomenduosime, we&#039;ll advise you and offer a customized solution for Your business. Flexible, smart and always adapt to the customer!<\/p>\t\t\t\t\t\t\t\t<\/div>\n\t\t\t\t<\/div>\n\t\t\t\t<div class=\"elementor-element elementor-element-c110615 elementor-align-center elementor-widget elementor-widget-button\" data-id=\"c110615\" data-element_type=\"widget\" data-widget_type=\"button.default\">\n\t\t\t\t<div class=\"elementor-widget-container\">\n\t\t\t\t\t\t\t\t\t<div class=\"elementor-button-wrapper\">\n\t\t\t\t\t<a class=\"elementor-button elementor-button-link elementor-size-sm\" href=\"#elementor-action%3Aaction%3Dpopup%3Aopen%26settings%3DeyJpZCI6IjE4NTkiLCJ0b2dnbGUiOmZhbHNlfQ%3D%3D\">\n\t\t\t\t\t\t<span class=\"elementor-button-content-wrapper\">\n\t\t\t\t\t\t\t\t\t<span class=\"elementor-button-text\">Contact<\/span>\n\t\t\t\t\t<\/span>\n\t\t\t\t\t<\/a>\n\t\t\t\t<\/div>\n\t\t\t\t\t\t\t\t<\/div>\n\t\t\t\t<\/div>\n\t\t\t\t\t<\/div>\n\t\t\t\t<\/div>\n\t\t\t\t<\/div>","protected":false},"excerpt":{"rendered":"<p>Nuolat besikei\u010diantys teis\u0117s aktai ir verslo padidina klaid\u0173 tikimyb\u0117s rizik\u0105, tod\u0117l be [&hellip;]<\/p>","protected":false},"author":1,"featured_media":0,"parent":0,"menu_order":0,"comment_status":"closed","ping_status":"closed","template":"","meta":{"footnotes":""},"class_list":["post-1252","page","type-page","status-publish","hentry"],"yoast_head":"<!-- This site is optimized with the Yoast SEO plugin v25.9 - https:\/\/yoast.com\/wordpress\/plugins\/seo\/ -->\n<title>Audito paslaugos Vilniuje \u2013 finansin\u0117s atskaitomyb\u0117s patikimumas | Added Value<\/title>\n<meta name=\"description\" content=\"Atliekame finansin\u012f audit\u0105 pagal galiojan\u010dius standartus. \u012evertiname ataskait\u0173 tikslum\u0105, veiklos rezultatus ir u\u017etikriname \u012fmon\u0117s finansin\u0117s informacijos patikimum\u0105.\" \/>\n<meta name=\"robots\" content=\"index, follow, max-snippet:-1, max-image-preview:large, max-video-preview:-1\" \/>\n<link rel=\"canonical\" href=\"https:\/\/addedvalue.lt\/en\/auditas\/\" \/>\n<meta property=\"og:locale\" content=\"en_US\" \/>\n<meta property=\"og:type\" content=\"article\" \/>\n<meta property=\"og:title\" content=\"Audito paslaugos Vilniuje \u2013 finansin\u0117s atskaitomyb\u0117s patikimumas | Added Value\" \/>\n<meta property=\"og:description\" content=\"Atliekame finansin\u012f audit\u0105 pagal galiojan\u010dius standartus. \u012evertiname ataskait\u0173 tikslum\u0105, veiklos rezultatus ir u\u017etikriname \u012fmon\u0117s finansin\u0117s informacijos patikimum\u0105.\" \/>\n<meta property=\"og:url\" content=\"https:\/\/addedvalue.lt\/en\/auditas\/\" \/>\n<meta property=\"og:site_name\" content=\"ADDED VALUE\" \/>\n<meta property=\"article:modified_time\" content=\"2025-09-16T13:11:56+00:00\" \/>\n<meta name=\"twitter:card\" content=\"summary_large_image\" \/>\n<meta name=\"twitter:label1\" content=\"Est. reading time\" \/>\n\t<meta name=\"twitter:data1\" content=\"3 minutes\" \/>\n<script type=\"application\/ld+json\" class=\"yoast-schema-graph\">{\"@context\":\"https:\/\/schema.org\",\"@graph\":[{\"@type\":\"WebPage\",\"@id\":\"https:\/\/addedvalue.lt\/auditas\/\",\"url\":\"https:\/\/addedvalue.lt\/auditas\/\",\"name\":\"Audito paslaugos Vilniuje \u2013 finansin\u0117s atskaitomyb\u0117s patikimumas | Added Value\",\"isPartOf\":{\"@id\":\"https:\/\/addedvalue.lt\/#website\"},\"datePublished\":\"2025-04-13T18:51:01+00:00\",\"dateModified\":\"2025-09-16T13:11:56+00:00\",\"description\":\"Atliekame finansin\u012f audit\u0105 pagal galiojan\u010dius standartus. \u012evertiname ataskait\u0173 tikslum\u0105, veiklos rezultatus ir u\u017etikriname \u012fmon\u0117s finansin\u0117s informacijos patikimum\u0105.\",\"breadcrumb\":{\"@id\":\"https:\/\/addedvalue.lt\/auditas\/#breadcrumb\"},\"inLanguage\":\"en-US\",\"potentialAction\":[{\"@type\":\"ReadAction\",\"target\":[\"https:\/\/addedvalue.lt\/auditas\/\"]}]},{\"@type\":\"BreadcrumbList\",\"@id\":\"https:\/\/addedvalue.lt\/auditas\/#breadcrumb\",\"itemListElement\":[{\"@type\":\"ListItem\",\"position\":1,\"name\":\"Home\",\"item\":\"https:\/\/addedvalue.lt\/\"},{\"@type\":\"ListItem\",\"position\":2,\"name\":\"Auditas\"}]},{\"@type\":\"WebSite\",\"@id\":\"https:\/\/addedvalue.lt\/#website\",\"url\":\"https:\/\/addedvalue.lt\/\",\"name\":\"ADDED VALUE\",\"description\":\"\",\"potentialAction\":[{\"@type\":\"SearchAction\",\"target\":{\"@type\":\"EntryPoint\",\"urlTemplate\":\"https:\/\/addedvalue.lt\/?s={search_term_string}\"},\"query-input\":{\"@type\":\"PropertyValueSpecification\",\"valueRequired\":true,\"valueName\":\"search_term_string\"}}],\"inLanguage\":\"en-US\"}]}<\/script>\n<!-- \/ Yoast SEO plugin. -->","yoast_head_json":{"title":"Audito paslaugos Vilniuje \u2013 finansin\u0117s atskaitomyb\u0117s patikimumas | Added Value","description":"Atliekame finansin\u012f audit\u0105 pagal galiojan\u010dius standartus. \u012evertiname ataskait\u0173 tikslum\u0105, veiklos rezultatus ir u\u017etikriname \u012fmon\u0117s finansin\u0117s informacijos patikimum\u0105.","robots":{"index":"index","follow":"follow","max-snippet":"max-snippet:-1","max-image-preview":"max-image-preview:large","max-video-preview":"max-video-preview:-1"},"canonical":"https:\/\/addedvalue.lt\/en\/auditas\/","og_locale":"en_US","og_type":"article","og_title":"Audito paslaugos Vilniuje \u2013 finansin\u0117s atskaitomyb\u0117s patikimumas | Added Value","og_description":"Atliekame finansin\u012f audit\u0105 pagal galiojan\u010dius standartus. \u012evertiname ataskait\u0173 tikslum\u0105, veiklos rezultatus ir u\u017etikriname \u012fmon\u0117s finansin\u0117s informacijos patikimum\u0105.","og_url":"https:\/\/addedvalue.lt\/en\/auditas\/","og_site_name":"ADDED VALUE","article_modified_time":"2025-09-16T13:11:56+00:00","twitter_card":"summary_large_image","twitter_misc":{"Est. reading time":"3 minutes"},"schema":{"@context":"https:\/\/schema.org","@graph":[{"@type":"WebPage","@id":"https:\/\/addedvalue.lt\/auditas\/","url":"https:\/\/addedvalue.lt\/auditas\/","name":"Audito paslaugos Vilniuje \u2013 finansin\u0117s atskaitomyb\u0117s patikimumas | Added Value","isPartOf":{"@id":"https:\/\/addedvalue.lt\/#website"},"datePublished":"2025-04-13T18:51:01+00:00","dateModified":"2025-09-16T13:11:56+00:00","description":"Atliekame finansin\u012f audit\u0105 pagal galiojan\u010dius standartus. \u012evertiname ataskait\u0173 tikslum\u0105, veiklos rezultatus ir u\u017etikriname \u012fmon\u0117s finansin\u0117s informacijos patikimum\u0105.","breadcrumb":{"@id":"https:\/\/addedvalue.lt\/auditas\/#breadcrumb"},"inLanguage":"en-US","potentialAction":[{"@type":"ReadAction","target":["https:\/\/addedvalue.lt\/auditas\/"]}]},{"@type":"BreadcrumbList","@id":"https:\/\/addedvalue.lt\/auditas\/#breadcrumb","itemListElement":[{"@type":"ListItem","position":1,"name":"Home","item":"https:\/\/addedvalue.lt\/"},{"@type":"ListItem","position":2,"name":"Auditas"}]},{"@type":"WebSite","@id":"https:\/\/addedvalue.lt\/#website","url":"https:\/\/addedvalue.lt\/","name":"ADDED VALUE","description":"","potentialAction":[{"@type":"SearchAction","target":{"@type":"EntryPoint","urlTemplate":"https:\/\/addedvalue.lt\/?s={search_term_string}"},"query-input":{"@type":"PropertyValueSpecification","valueRequired":true,"valueName":"search_term_string"}}],"inLanguage":"en-US"}]}},"_links":{"self":[{"href":"https:\/\/addedvalue.lt\/en\/wp-json\/wp\/v2\/pages\/1252","targetHints":{"allow":["GET"]}}],"collection":[{"href":"https:\/\/addedvalue.lt\/en\/wp-json\/wp\/v2\/pages"}],"about":[{"href":"https:\/\/addedvalue.lt\/en\/wp-json\/wp\/v2\/types\/page"}],"author":[{"embeddable":true,"href":"https:\/\/addedvalue.lt\/en\/wp-json\/wp\/v2\/users\/1"}],"replies":[{"embeddable":true,"href":"https:\/\/addedvalue.lt\/en\/wp-json\/wp\/v2\/comments?post=1252"}],"version-history":[{"count":22,"href":"https:\/\/addedvalue.lt\/en\/wp-json\/wp\/v2\/pages\/1252\/revisions"}],"predecessor-version":[{"id":1961,"href":"https:\/\/addedvalue.lt\/en\/wp-json\/wp\/v2\/pages\/1252\/revisions\/1961"}],"wp:attachment":[{"href":"https:\/\/addedvalue.lt\/en\/wp-json\/wp\/v2\/media?parent=1252"}],"curies":[{"name":"wp","href":"https:\/\/api.w.org\/{rel}","templated":true}]}}