{"id":1103,"date":"2025-04-13T16:07:34","date_gmt":"2025-04-13T15:07:34","guid":{"rendered":"https:\/\/addedvalue.lt\/?page_id=1103"},"modified":"2025-09-16T14:34:53","modified_gmt":"2025-09-16T13:34:53","slug":"partneriams","status":"publish","type":"page","link":"https:\/\/addedvalue.lt\/en\/partneriams\/","title":{"rendered":"Partners"},"content":{"rendered":"<div data-elementor-type=\"wp-page\" data-elementor-id=\"1103\" class=\"elementor elementor-1103\" data-elementor-settings=\"{&quot;element_pack_global_tooltip_width&quot;:{&quot;unit&quot;:&quot;px&quot;,&quot;size&quot;:&quot;&quot;,&quot;sizes&quot;:[]},&quot;element_pack_global_tooltip_width_tablet&quot;:{&quot;unit&quot;:&quot;px&quot;,&quot;size&quot;:&quot;&quot;,&quot;sizes&quot;:[]},&quot;element_pack_global_tooltip_width_mobile&quot;:{&quot;unit&quot;:&quot;px&quot;,&quot;size&quot;:&quot;&quot;,&quot;sizes&quot;:[]},&quot;element_pack_global_tooltip_padding&quot;:{&quot;unit&quot;:&quot;px&quot;,&quot;top&quot;:&quot;&quot;,&quot;right&quot;:&quot;&quot;,&quot;bottom&quot;:&quot;&quot;,&quot;left&quot;:&quot;&quot;,&quot;isLinked&quot;:true},&quot;element_pack_global_tooltip_padding_tablet&quot;:{&quot;unit&quot;:&quot;px&quot;,&quot;top&quot;:&quot;&quot;,&quot;right&quot;:&quot;&quot;,&quot;bottom&quot;:&quot;&quot;,&quot;left&quot;:&quot;&quot;,&quot;isLinked&quot;:true},&quot;element_pack_global_tooltip_padding_mobile&quot;:{&quot;unit&quot;:&quot;px&quot;,&quot;top&quot;:&quot;&quot;,&quot;right&quot;:&quot;&quot;,&quot;bottom&quot;:&quot;&quot;,&quot;left&quot;:&quot;&quot;,&quot;isLinked&quot;:true},&quot;element_pack_global_tooltip_border_radius&quot;:{&quot;unit&quot;:&quot;px&quot;,&quot;top&quot;:&quot;&quot;,&quot;right&quot;:&quot;&quot;,&quot;bottom&quot;:&quot;&quot;,&quot;left&quot;:&quot;&quot;,&quot;isLinked&quot;:true},&quot;element_pack_global_tooltip_border_radius_tablet&quot;:{&quot;unit&quot;:&quot;px&quot;,&quot;top&quot;:&quot;&quot;,&quot;right&quot;:&quot;&quot;,&quot;bottom&quot;:&quot;&quot;,&quot;left&quot;:&quot;&quot;,&quot;isLinked&quot;:true},&quot;element_pack_global_tooltip_border_radius_mobile&quot;:{&quot;unit&quot;:&quot;px&quot;,&quot;top&quot;:&quot;&quot;,&quot;right&quot;:&quot;&quot;,&quot;bottom&quot;:&quot;&quot;,&quot;left&quot;:&quot;&quot;,&quot;isLinked&quot;:true}}\" data-elementor-post-type=\"page\">\n\t\t\t\t<div class=\"elementor-element elementor-element-78349c6 e-flex e-con-boxed e-con e-parent\" data-id=\"78349c6\" data-element_type=\"container\" data-settings=\"{&quot;background_background&quot;:&quot;classic&quot;}\">\n\t\t\t\t\t<div class=\"e-con-inner\">\n\t\t\t\t<div class=\"elementor-element elementor-element-4c00511 elementor-widget__width-initial elementor-widget elementor-widget-text-editor\" data-id=\"4c00511\" data-element_type=\"widget\" data-widget_type=\"text-editor.default\">\n\t\t\t\t<div class=\"elementor-widget-container\">\n\t\t\t\t\t\t\t\t\t<p>The Added Value of the partnership program \u2013 new customers search for Your business and the added value provided for Your assistance, expanding the company&#039;s customer ranks.<\/p>\t\t\t\t\t\t\t\t<\/div>\n\t\t\t\t<\/div>\n\t\t\t\t<div class=\"elementor-element elementor-element-a105f42 elementor-align-left elementor-mobile-align-center elementor-widget elementor-widget-button\" data-id=\"a105f42\" data-element_type=\"widget\" data-widget_type=\"button.default\">\n\t\t\t\t<div class=\"elementor-widget-container\">\n\t\t\t\t\t\t\t\t\t<div class=\"elementor-button-wrapper\">\n\t\t\t\t\t<a class=\"elementor-button elementor-button-link elementor-size-sm\" href=\"#elementor-action%3Aaction%3Dpopup%3Aopen%26settings%3DeyJpZCI6IjE4NTkiLCJ0b2dnbGUiOmZhbHNlfQ%3D%3D\">\n\t\t\t\t\t\t<span class=\"elementor-button-content-wrapper\">\n\t\t\t\t\t\t\t\t\t<span class=\"elementor-button-text\">Contact<\/span>\n\t\t\t\t\t<\/span>\n\t\t\t\t\t<\/a>\n\t\t\t\t<\/div>\n\t\t\t\t\t\t\t\t<\/div>\n\t\t\t\t<\/div>\n\t\t\t\t\t<\/div>\n\t\t\t\t<\/div>\n\t\t<div class=\"elementor-element elementor-element-feb7d54 e-flex e-con-boxed e-con e-parent\" data-id=\"feb7d54\" data-element_type=\"container\" data-settings=\"{&quot;background_background&quot;:&quot;classic&quot;}\">\n\t\t\t\t\t<div class=\"e-con-inner\">\n\t\t<div class=\"elementor-element elementor-element-8c67bbc e-con-full e-flex e-con e-child\" data-id=\"8c67bbc\" data-element_type=\"container\">\n\t\t\t\t<div class=\"elementor-element elementor-element-ae500d6 elementor-widget elementor-widget-text-editor\" data-id=\"ae500d6\" data-element_type=\"widget\" data-widget_type=\"text-editor.default\">\n\t\t\t\t<div class=\"elementor-widget-container\">\n\t\t\t\t\t\t\t\t\t<p>THE ADDED VALUE OF CREATING PARTNERSHIPS<\/p>\t\t\t\t\t\t\t\t<\/div>\n\t\t\t\t<\/div>\n\t\t\t\t<div class=\"elementor-element elementor-element-5c29799 elementor-widget elementor-widget-text-editor\" data-id=\"5c29799\" data-element_type=\"widget\" data-widget_type=\"text-editor.default\">\n\t\t\t\t<div class=\"elementor-widget-container\">\n\t\t\t\t\t\t\t\t\t<p>&#034;Added Value&#034; which added value to Your business by offering sustainable and long-term partnership opportunity. Rational business is constantly looking for tools and the development of accounting and auditing services cost optimization. &#034;Added Value&#034; of the partnership program \u2013 new customers search for Your business and the added value provided for Your assistance, expanding the company&#039;s customer ranks. That &#034;Added Value&#034; shall apply to graduate accounting technology would eliminate not only the time cost and human error probability, but the financial and Your business applicable to accounting and audit costs.<\/p>\t\t\t\t\t\t\t\t<\/div>\n\t\t\t\t<\/div>\n\t\t\t\t<div class=\"elementor-element elementor-element-e511f44 elementor-widget elementor-widget-text-editor\" data-id=\"e511f44\" data-element_type=\"widget\" data-widget_type=\"text-editor.default\">\n\t\t\t\t<div class=\"elementor-widget-container\">\n\t\t\t\t\t\t\t\t\t<p>THE COMPANY PROPOSES TO CREATE ADDED VALUE FOR CUSTOMERS TOGETHER AND IS READY TO DISCUSS THE STRATEGIC PARTNERSHIP OPPORTUNITIES WITH COMPANIES WORKING IN THE FOLLOWING AREAS:<\/p>\t\t\t\t\t\t\t\t<\/div>\n\t\t\t\t<\/div>\n\t\t\t\t<\/div>\n\t\t\t\t\t<\/div>\n\t\t\t\t<\/div>\n\t\t<div class=\"elementor-element elementor-element-05872a1 e-grid e-con-boxed e-con e-parent\" data-id=\"05872a1\" data-element_type=\"container\">\n\t\t\t\t\t<div class=\"e-con-inner\">\n\t\t<div class=\"elementor-element elementor-element-fb10e0a e-con-full e-flex e-con e-child\" data-id=\"fb10e0a\" data-element_type=\"container\" data-settings=\"{&quot;background_background&quot;:&quot;classic&quot;}\">\n\t\t\t\t<div class=\"elementor-element elementor-element-536f10e elementor-view-default elementor-widget elementor-widget-icon\" data-id=\"536f10e\" data-element_type=\"widget\" data-widget_type=\"icon.default\">\n\t\t\t\t<div class=\"elementor-widget-container\">\n\t\t\t\t\t\t\t<div class=\"elementor-icon-wrapper\">\n\t\t\t<div class=\"elementor-icon\">\n\t\t\t<svg xmlns=\"http:\/\/www.w3.org\/2000\/svg\" width=\"43\" height=\"43\" viewbox=\"0 0 43 43\" fill=\"none\"><path d=\"M14.3332 39.4167H28.6666C35.8691 39.4167 37.1591 36.5321 37.5353 33.0204L38.8791 18.6871C39.3628 14.3154 38.1087 10.75 30.4582 10.75H12.5416C4.89116 10.75 3.63699 14.3154 4.12074 18.6871L5.46449 33.0204C5.84074 36.5321 7.13074 39.4167 14.3332 39.4167Z\" stroke=\"white\" stroke-width=\"2.6875\" stroke-miterlimit=\"10\" stroke-linecap=\"round\" stroke-linejoin=\"round\"><\/path><path d=\"M14.3333 10.7497V9.31634C14.3333 6.14509 14.3333 3.58301 20.0667 3.58301H22.9333C28.6667 3.58301 28.6667 6.14509 28.6667 9.31634V10.7497\" stroke=\"white\" stroke-width=\"2.6875\" stroke-miterlimit=\"10\" stroke-linecap=\"round\" stroke-linejoin=\"round\"><\/path><path d=\"M25.0833 23.2917V25.0833C25.0833 25.1012 25.0833 25.1013 25.0833 25.1192C25.0833 27.0721 25.0654 28.6667 21.5 28.6667C17.9525 28.6667 17.9167 27.09 17.9167 25.1371V23.2917C17.9167 21.5 17.9167 21.5 19.7083 21.5H23.2917C25.0833 21.5 25.0833 21.5 25.0833 23.2917Z\" stroke=\"white\" stroke-width=\"2.6875\" stroke-miterlimit=\"10\" stroke-linecap=\"round\" stroke-linejoin=\"round\"><\/path><path d=\"M38.7896 19.708C34.6508 22.718 29.9208 24.5097 25.0833 25.1188\" stroke=\"white\" stroke-width=\"2.6875\" stroke-miterlimit=\"10\" stroke-linecap=\"round\" stroke-linejoin=\"round\"><\/path><path d=\"M4.69416 20.1924C8.72541 22.9515 13.2762 24.6178 17.9167 25.1374\" stroke=\"white\" stroke-width=\"2.6875\" stroke-miterlimit=\"10\" stroke-linecap=\"round\" stroke-linejoin=\"round\"><\/path><\/svg>\t\t\t<\/div>\n\t\t<\/div>\n\t\t\t\t\t\t<\/div>\n\t\t\t\t<\/div>\n\t\t\t\t<div class=\"elementor-element elementor-element-638abf2 elementor-widget elementor-widget-text-editor\" data-id=\"638abf2\" data-element_type=\"widget\" data-widget_type=\"text-editor.default\">\n\t\t\t\t<div class=\"elementor-widget-container\">\n\t\t\t\t\t\t\t\t\tcompanies <br>establishing\t\t\t\t\t\t\t\t<\/div>\n\t\t\t\t<\/div>\n\t\t\t\t<\/div>\n\t\t<div class=\"elementor-element elementor-element-f262850 e-con-full e-flex e-con e-child\" data-id=\"f262850\" data-element_type=\"container\" data-settings=\"{&quot;background_background&quot;:&quot;classic&quot;}\">\n\t\t\t\t<div class=\"elementor-element elementor-element-a639962 elementor-view-default elementor-widget elementor-widget-icon\" data-id=\"a639962\" data-element_type=\"widget\" data-widget_type=\"icon.default\">\n\t\t\t\t<div class=\"elementor-widget-container\">\n\t\t\t\t\t\t\t<div class=\"elementor-icon-wrapper\">\n\t\t\t<div class=\"elementor-icon\">\n\t\t\t<svg xmlns=\"http:\/\/www.w3.org\/2000\/svg\" width=\"50\" height=\"50\" viewbox=\"0 0 50 50\" fill=\"none\"><g clip-path=\"url(#clip0_107_1895)\"><path d=\"M23.4375 43.8939V41.4064C23.4375 40.7848 23.1906 40.1887 22.751 39.7491C22.3115 39.3096 21.7154 39.0627 21.0938 39.0627H3.90625C3.28465 39.0627 2.68851 39.3096 2.24897 39.7491C1.80943 40.1887 1.5625 40.7848 1.5625 41.4064V43.8939C1.1071 44.0549 0.712571 44.3527 0.432881 44.7465C0.153191 45.1403 0.00200232 45.6109 0 46.0939L0 49.2189C0 49.4261 0.08231 49.6248 0.228823 49.7713C0.375336 49.9179 0.57405 50.0002 0.78125 50.0002H24.2188C24.426 50.0002 24.6247 49.9179 24.7712 49.7713C24.9177 49.6248 25 49.4261 25 49.2189V46.0939C24.998 45.6109 24.8468 45.1403 24.5671 44.7465C24.2874 44.3527 23.8929 44.0549 23.4375 43.8939ZM3.125 41.4064C3.125 41.1992 3.20731 41.0005 3.35382 40.854C3.50034 40.7075 3.69905 40.6252 3.90625 40.6252H21.0938C21.301 40.6252 21.4997 40.7075 21.6462 40.854C21.7927 41.0005 21.875 41.1992 21.875 41.4064V43.7502H3.125V41.4064ZM23.4375 48.4377H1.5625V46.0939C1.5625 45.8867 1.64481 45.688 1.79132 45.5415C1.93784 45.395 2.13655 45.3127 2.34375 45.3127H22.6562C22.8635 45.3127 23.0622 45.395 23.2087 45.5415C23.3552 45.688 23.4375 45.8867 23.4375 46.0939V48.4377ZM48.6094 44.6033L28.9062 24.9049L32.5281 21.283C32.7881 21.3562 33.0565 21.3956 33.3266 21.4002C33.9442 21.3997 34.5479 21.2163 35.0613 20.873C35.5748 20.5296 35.975 20.0419 36.2114 19.4713C36.4478 18.9006 36.5098 18.2728 36.3896 17.6669C36.2694 17.0611 35.9723 16.5045 35.5359 16.0674L26.7031 7.22673C26.2191 6.73835 25.5871 6.42388 24.9056 6.33239C24.2242 6.24089 23.5316 6.37751 22.9359 6.72093C22.3402 7.06435 21.8749 7.59526 21.6127 8.23085C21.3504 8.86644 21.3058 9.57097 21.4859 10.2345L9.82344 21.8986C9.16017 21.7199 8.45644 21.7654 7.82171 22.0281C7.18699 22.2907 6.65685 22.7557 6.31376 23.3508C5.97067 23.9459 5.83387 24.6377 5.92463 25.3186C6.01539 25.9995 6.32863 26.6313 6.81563 27.1158L15.6547 35.9549C16.2407 36.5407 17.0354 36.8698 17.8641 36.8698C18.6927 36.8698 19.4874 36.5407 20.0734 35.9549C20.4588 35.5673 20.7354 35.0853 20.8755 34.5571C21.0157 34.0288 21.0144 33.4731 20.8719 32.9455L24.4937 29.3236L44.1906 49.022C44.4789 49.3205 44.8237 49.5586 45.205 49.7224C45.5862 49.8861 45.9963 49.9723 46.4112 49.9759C46.8262 49.9796 47.2377 49.9005 47.6217 49.7434C48.0058 49.5862 48.3547 49.3542 48.6481 49.0608C48.9415 48.7674 49.1736 48.4184 49.3307 48.0344C49.4878 47.6503 49.5669 47.2388 49.5633 46.8239C49.5597 46.409 49.4735 45.9989 49.3097 45.6177C49.1459 45.2364 48.9078 44.8916 48.6094 44.6033ZM23.3891 8.33298C23.6821 8.04006 24.0794 7.8755 24.4937 7.8755C24.9081 7.8755 25.3054 8.04006 25.5984 8.33298L34.4375 17.172C34.7304 17.4651 34.895 17.8624 34.895 18.2767C34.895 18.691 34.7304 19.0884 34.4375 19.3814C34.1396 19.6656 33.7437 19.8241 33.332 19.8241C32.9203 19.8241 32.5245 19.6656 32.2266 19.3814L27.8125 14.9611L23.3891 10.5424C23.0961 10.2493 22.9316 9.85199 22.9316 9.43767C22.9316 9.02335 23.0961 8.62599 23.3891 8.33298ZM18.9703 34.8439C18.676 35.135 18.2788 35.2983 17.8648 35.2983C17.4509 35.2983 17.0537 35.135 16.7594 34.8439L7.92031 26.0095C7.62733 25.7164 7.46282 25.3188 7.46297 24.9043C7.46311 24.4898 7.62791 24.0924 7.92109 23.7994C8.21428 23.5064 8.61185 23.3419 9.02633 23.342C9.44082 23.3422 9.83827 23.507 10.1313 23.8002L18.9703 32.6377C19.1156 32.7828 19.2308 32.9551 19.3095 33.1448C19.3881 33.3345 19.4286 33.5378 19.4286 33.7431C19.4286 33.9485 19.3881 34.1518 19.3095 34.3415C19.2308 34.5312 19.1156 34.7035 18.9703 34.8486V34.8439ZM20.075 31.5283L11.2344 22.6955L22.2828 11.647L31.1203 20.4861L20.075 31.5283ZM47.5 47.9174C47.2024 48.2014 46.8067 48.3599 46.3953 48.3599C45.9839 48.3599 45.5883 48.2014 45.2906 47.9174L25.5984 28.2205L27.8125 26.0095L47.5 45.708C47.7929 46.001 47.9575 46.3983 47.9575 46.8127C47.9575 47.227 47.7929 47.6243 47.5 47.9174Z\" fill=\"white\"><\/path><\/g><defs><clippath id=\"clip0_107_1895\"><rect width=\"50\" height=\"50\" fill=\"white\"><\/rect><\/clippath><\/defs><\/svg>\t\t\t<\/div>\n\t\t<\/div>\n\t\t\t\t\t\t<\/div>\n\t\t\t\t<\/div>\n\t\t\t\t<div class=\"elementor-element elementor-element-e0394b1 elementor-widget elementor-widget-text-editor\" data-id=\"e0394b1\" data-element_type=\"widget\" data-widget_type=\"text-editor.default\">\n\t\t\t\t<div class=\"elementor-widget-container\">\n\t\t\t\t\t\t\t\t\tLegal <br>services\t\t\t\t\t\t\t\t<\/div>\n\t\t\t\t<\/div>\n\t\t\t\t<\/div>\n\t\t<div class=\"elementor-element elementor-element-01c4dd7 e-con-full e-flex e-con e-child\" data-id=\"01c4dd7\" data-element_type=\"container\" data-settings=\"{&quot;background_background&quot;:&quot;classic&quot;}\">\n\t\t\t\t<div class=\"elementor-element elementor-element-e6a4adb elementor-view-default elementor-widget elementor-widget-icon\" data-id=\"e6a4adb\" data-element_type=\"widget\" data-widget_type=\"icon.default\">\n\t\t\t\t<div class=\"elementor-widget-container\">\n\t\t\t\t\t\t\t<div class=\"elementor-icon-wrapper\">\n\t\t\t<div class=\"elementor-icon\">\n\t\t\t<svg xmlns=\"http:\/\/www.w3.org\/2000\/svg\" width=\"40\" height=\"40\" viewbox=\"0 0 40 40\" fill=\"none\"><path d=\"M16.7834 4.70007L5.23339 13.9501C3.93339 14.9834 3.10006 17.1667 3.38339 18.8001L5.60006 32.0667C6.00006 34.4334 8.26672 36.3501 10.6667 36.3501H29.3334C31.7167 36.3501 34.0001 34.4167 34.4001 32.0667L36.6167 18.8001C36.8834 17.1667 36.0501 14.9834 34.7667 13.9501L23.2167 4.71674C21.4334 3.28341 18.5501 3.28341 16.7834 4.70007Z\" stroke=\"white\" stroke-width=\"2.5\" stroke-linecap=\"round\" stroke-linejoin=\"round\"><\/path><\/svg>\t\t\t<\/div>\n\t\t<\/div>\n\t\t\t\t\t\t<\/div>\n\t\t\t\t<\/div>\n\t\t\t\t<div class=\"elementor-element elementor-element-347cd7a elementor-widget elementor-widget-text-editor\" data-id=\"347cd7a\" data-element_type=\"widget\" data-widget_type=\"text-editor.default\">\n\t\t\t\t<div class=\"elementor-widget-container\">\n\t\t\t\t\t\t\t\t\tindoor <br>rental\t\t\t\t\t\t\t\t<\/div>\n\t\t\t\t<\/div>\n\t\t\t\t<\/div>\n\t\t<div class=\"elementor-element elementor-element-a875d07 e-con-full e-flex e-con e-child\" data-id=\"a875d07\" data-element_type=\"container\" data-settings=\"{&quot;background_background&quot;:&quot;classic&quot;}\">\n\t\t\t\t<div class=\"elementor-element elementor-element-b213bec elementor-view-default elementor-widget elementor-widget-icon\" data-id=\"b213bec\" data-element_type=\"widget\" data-widget_type=\"icon.default\">\n\t\t\t\t<div class=\"elementor-widget-container\">\n\t\t\t\t\t\t\t<div class=\"elementor-icon-wrapper\">\n\t\t\t<div class=\"elementor-icon\">\n\t\t\t<svg xmlns=\"http:\/\/www.w3.org\/2000\/svg\" width=\"39\" height=\"39\" viewbox=\"0 0 39 39\" fill=\"none\"><path d=\"M14.625 35.75H24.375C32.5 35.75 35.75 32.5 35.75 24.375V14.625C35.75 6.5 32.5 3.25 24.375 3.25H14.625C6.5 3.25 3.25 6.5 3.25 14.625V24.375C3.25 32.5 6.5 35.75 14.625 35.75Z\" stroke=\"white\" stroke-width=\"2.4375\" stroke-linecap=\"round\" stroke-linejoin=\"round\"><\/path><path d=\"M11.9114 23.5456L15.7789 18.5244C16.3314 17.8094 17.3551 17.6794 18.0701 18.2319L21.0439 20.5719C21.7589 21.1244 22.7826 20.9944 23.3351 20.2956L27.0889 15.4531\" stroke=\"white\" stroke-width=\"2.4375\" stroke-linecap=\"round\" stroke-linejoin=\"round\"><\/path><\/svg>\t\t\t<\/div>\n\t\t<\/div>\n\t\t\t\t\t\t<\/div>\n\t\t\t\t<\/div>\n\t\t\t\t<div class=\"elementor-element elementor-element-856a3d3 elementor-widget elementor-widget-text-editor\" data-id=\"856a3d3\" data-element_type=\"widget\" data-widget_type=\"text-editor.default\">\n\t\t\t\t<div class=\"elementor-widget-container\">\n\t\t\t\t\t\t\t\t\tBusiness <br>development\t\t\t\t\t\t\t\t<\/div>\n\t\t\t\t<\/div>\n\t\t\t\t<\/div>\n\t\t\t\t\t<\/div>\n\t\t\t\t<\/div>\n\t\t<div class=\"elementor-element elementor-element-531137a e-flex e-con-boxed e-con e-parent\" data-id=\"531137a\" data-element_type=\"container\">\n\t\t\t\t\t<div class=\"e-con-inner\">\n\t\t\t\t<div class=\"elementor-element elementor-element-7a95fca elementor-widget elementor-widget-text-editor\" data-id=\"7a95fca\" data-element_type=\"widget\" data-widget_type=\"text-editor.default\">\n\t\t\t\t<div class=\"elementor-widget-container\">\n\t\t\t\t\t\t\t\t\t<p>You want to contribute to the Added value?<\/p>\t\t\t\t\t\t\t\t<\/div>\n\t\t\t\t<\/div>\n\t\t\t\t<div class=\"elementor-element elementor-element-e1076f2 elementor-widget__width-initial elementor-widget elementor-widget-text-editor\" data-id=\"e1076f2\" data-element_type=\"widget\" data-widget_type=\"text-editor.default\">\n\t\t\t\t<div class=\"elementor-widget-container\">\n\t\t\t\t\t\t\t\t\t<p>Less work, more security and control and added partnership value. Because of the progress frees Your business<\/p>\t\t\t\t\t\t\t\t<\/div>\n\t\t\t\t<\/div>\n\t\t\t\t<div class=\"elementor-element elementor-element-c6e7027 elementor-align-center elementor-widget elementor-widget-button\" data-id=\"c6e7027\" data-element_type=\"widget\" data-widget_type=\"button.default\">\n\t\t\t\t<div class=\"elementor-widget-container\">\n\t\t\t\t\t\t\t\t\t<div class=\"elementor-button-wrapper\">\n\t\t\t\t\t<a class=\"elementor-button elementor-button-link elementor-size-sm\" href=\"#elementor-action%3Aaction%3Dpopup%3Aopen%26settings%3DeyJpZCI6IjE4NTkiLCJ0b2dnbGUiOmZhbHNlfQ%3D%3D\">\n\t\t\t\t\t\t<span class=\"elementor-button-content-wrapper\">\n\t\t\t\t\t\t\t\t\t<span class=\"elementor-button-text\">Contact<\/span>\n\t\t\t\t\t<\/span>\n\t\t\t\t\t<\/a>\n\t\t\t\t<\/div>\n\t\t\t\t\t\t\t\t<\/div>\n\t\t\t\t<\/div>\n\t\t\t\t\t<\/div>\n\t\t\t\t<\/div>\n\t\t\t\t<\/div>","protected":false},"excerpt":{"rendered":"<p>Added Value\u201c partneryst\u0117s programa \u2013 nauj\u0173 klient\u0173 paie\u0161ka J\u016bs\u0173 verslui ir prid\u0117tin\u0117 [&hellip;]<\/p>","protected":false},"author":1,"featured_media":0,"parent":0,"menu_order":0,"comment_status":"closed","ping_status":"closed","template":"","meta":{"footnotes":""},"class_list":["post-1103","page","type-page","status-publish","hentry"],"yoast_head":"<!-- This site is optimized with the Yoast SEO plugin v25.9 - https:\/\/yoast.com\/wordpress\/plugins\/seo\/ -->\n<title>Partneryst\u0117s programa verslui \u2013 bendradarbiavimas su Added Value<\/title>\n<meta name=\"description\" content=\"Prisijunkite prie \u201eAdded Value\u201c partneryst\u0117s programos. U\u017e nauj\u0173 klient\u0173 rekomendacijas gaukite prid\u0117tin\u0119 vert\u0119 ir kurkite s\u0117kming\u0105 bendradarbiavim\u0105 kartu.\" \/>\n<meta name=\"robots\" content=\"index, follow, max-snippet:-1, max-image-preview:large, max-video-preview:-1\" \/>\n<link rel=\"canonical\" href=\"https:\/\/addedvalue.lt\/en\/partneriams\/\" \/>\n<meta property=\"og:locale\" content=\"en_US\" \/>\n<meta property=\"og:type\" content=\"article\" \/>\n<meta property=\"og:title\" content=\"Partneryst\u0117s programa verslui \u2013 bendradarbiavimas su Added Value\" \/>\n<meta property=\"og:description\" content=\"Prisijunkite prie \u201eAdded Value\u201c partneryst\u0117s programos. U\u017e nauj\u0173 klient\u0173 rekomendacijas gaukite prid\u0117tin\u0119 vert\u0119 ir kurkite s\u0117kming\u0105 bendradarbiavim\u0105 kartu.\" \/>\n<meta property=\"og:url\" content=\"https:\/\/addedvalue.lt\/en\/partneriams\/\" \/>\n<meta property=\"og:site_name\" content=\"ADDED VALUE\" \/>\n<meta property=\"article:modified_time\" content=\"2025-09-16T13:34:53+00:00\" \/>\n<meta name=\"twitter:card\" content=\"summary_large_image\" \/>\n<meta name=\"twitter:label1\" content=\"Est. reading time\" \/>\n\t<meta name=\"twitter:data1\" content=\"1 minute\" \/>\n<script type=\"application\/ld+json\" class=\"yoast-schema-graph\">{\"@context\":\"https:\/\/schema.org\",\"@graph\":[{\"@type\":\"WebPage\",\"@id\":\"https:\/\/addedvalue.lt\/partneriams\/\",\"url\":\"https:\/\/addedvalue.lt\/partneriams\/\",\"name\":\"Partneryst\u0117s programa verslui \u2013 bendradarbiavimas su Added Value\",\"isPartOf\":{\"@id\":\"https:\/\/addedvalue.lt\/#website\"},\"datePublished\":\"2025-04-13T15:07:34+00:00\",\"dateModified\":\"2025-09-16T13:34:53+00:00\",\"description\":\"Prisijunkite prie \u201eAdded Value\u201c partneryst\u0117s programos. U\u017e nauj\u0173 klient\u0173 rekomendacijas gaukite prid\u0117tin\u0119 vert\u0119 ir kurkite s\u0117kming\u0105 bendradarbiavim\u0105 kartu.\",\"breadcrumb\":{\"@id\":\"https:\/\/addedvalue.lt\/partneriams\/#breadcrumb\"},\"inLanguage\":\"en-US\",\"potentialAction\":[{\"@type\":\"ReadAction\",\"target\":[\"https:\/\/addedvalue.lt\/partneriams\/\"]}]},{\"@type\":\"BreadcrumbList\",\"@id\":\"https:\/\/addedvalue.lt\/partneriams\/#breadcrumb\",\"itemListElement\":[{\"@type\":\"ListItem\",\"position\":1,\"name\":\"Home\",\"item\":\"https:\/\/addedvalue.lt\/\"},{\"@type\":\"ListItem\",\"position\":2,\"name\":\"Partneriams\"}]},{\"@type\":\"WebSite\",\"@id\":\"https:\/\/addedvalue.lt\/#website\",\"url\":\"https:\/\/addedvalue.lt\/\",\"name\":\"ADDED VALUE\",\"description\":\"\",\"potentialAction\":[{\"@type\":\"SearchAction\",\"target\":{\"@type\":\"EntryPoint\",\"urlTemplate\":\"https:\/\/addedvalue.lt\/?s={search_term_string}\"},\"query-input\":{\"@type\":\"PropertyValueSpecification\",\"valueRequired\":true,\"valueName\":\"search_term_string\"}}],\"inLanguage\":\"en-US\"}]}<\/script>\n<!-- \/ Yoast SEO plugin. -->","yoast_head_json":{"title":"Partneryst\u0117s programa verslui \u2013 bendradarbiavimas su Added Value","description":"Prisijunkite prie \u201eAdded Value\u201c partneryst\u0117s programos. U\u017e nauj\u0173 klient\u0173 rekomendacijas gaukite prid\u0117tin\u0119 vert\u0119 ir kurkite s\u0117kming\u0105 bendradarbiavim\u0105 kartu.","robots":{"index":"index","follow":"follow","max-snippet":"max-snippet:-1","max-image-preview":"max-image-preview:large","max-video-preview":"max-video-preview:-1"},"canonical":"https:\/\/addedvalue.lt\/en\/partneriams\/","og_locale":"en_US","og_type":"article","og_title":"Partneryst\u0117s programa verslui \u2013 bendradarbiavimas su Added Value","og_description":"Prisijunkite prie \u201eAdded Value\u201c partneryst\u0117s programos. U\u017e nauj\u0173 klient\u0173 rekomendacijas gaukite prid\u0117tin\u0119 vert\u0119 ir kurkite s\u0117kming\u0105 bendradarbiavim\u0105 kartu.","og_url":"https:\/\/addedvalue.lt\/en\/partneriams\/","og_site_name":"ADDED VALUE","article_modified_time":"2025-09-16T13:34:53+00:00","twitter_card":"summary_large_image","twitter_misc":{"Est. reading time":"1 minute"},"schema":{"@context":"https:\/\/schema.org","@graph":[{"@type":"WebPage","@id":"https:\/\/addedvalue.lt\/partneriams\/","url":"https:\/\/addedvalue.lt\/partneriams\/","name":"Partneryst\u0117s programa verslui \u2013 bendradarbiavimas su Added Value","isPartOf":{"@id":"https:\/\/addedvalue.lt\/#website"},"datePublished":"2025-04-13T15:07:34+00:00","dateModified":"2025-09-16T13:34:53+00:00","description":"Prisijunkite prie \u201eAdded Value\u201c partneryst\u0117s programos. U\u017e nauj\u0173 klient\u0173 rekomendacijas gaukite prid\u0117tin\u0119 vert\u0119 ir kurkite s\u0117kming\u0105 bendradarbiavim\u0105 kartu.","breadcrumb":{"@id":"https:\/\/addedvalue.lt\/partneriams\/#breadcrumb"},"inLanguage":"en-US","potentialAction":[{"@type":"ReadAction","target":["https:\/\/addedvalue.lt\/partneriams\/"]}]},{"@type":"BreadcrumbList","@id":"https:\/\/addedvalue.lt\/partneriams\/#breadcrumb","itemListElement":[{"@type":"ListItem","position":1,"name":"Home","item":"https:\/\/addedvalue.lt\/"},{"@type":"ListItem","position":2,"name":"Partneriams"}]},{"@type":"WebSite","@id":"https:\/\/addedvalue.lt\/#website","url":"https:\/\/addedvalue.lt\/","name":"ADDED VALUE","description":"","potentialAction":[{"@type":"SearchAction","target":{"@type":"EntryPoint","urlTemplate":"https:\/\/addedvalue.lt\/?s={search_term_string}"},"query-input":{"@type":"PropertyValueSpecification","valueRequired":true,"valueName":"search_term_string"}}],"inLanguage":"en-US"}]}},"_links":{"self":[{"href":"https:\/\/addedvalue.lt\/en\/wp-json\/wp\/v2\/pages\/1103","targetHints":{"allow":["GET"]}}],"collection":[{"href":"https:\/\/addedvalue.lt\/en\/wp-json\/wp\/v2\/pages"}],"about":[{"href":"https:\/\/addedvalue.lt\/en\/wp-json\/wp\/v2\/types\/page"}],"author":[{"embeddable":true,"href":"https:\/\/addedvalue.lt\/en\/wp-json\/wp\/v2\/users\/1"}],"replies":[{"embeddable":true,"href":"https:\/\/addedvalue.lt\/en\/wp-json\/wp\/v2\/comments?post=1103"}],"version-history":[{"count":49,"href":"https:\/\/addedvalue.lt\/en\/wp-json\/wp\/v2\/pages\/1103\/revisions"}],"predecessor-version":[{"id":1976,"href":"https:\/\/addedvalue.lt\/en\/wp-json\/wp\/v2\/pages\/1103\/revisions\/1976"}],"wp:attachment":[{"href":"https:\/\/addedvalue.lt\/en\/wp-json\/wp\/v2\/media?parent=1103"}],"curies":[{"name":"wp","href":"https:\/\/api.w.org\/{rel}","templated":true}]}}